{"id":11266,"date":"2021-12-24T13:58:41","date_gmt":"2022-01-06T20:34:47","guid":{"rendered":"https:\/\/elsihair.com\/?product=black-loose-wave-wig-handmade-with-front-lace-13x4"},"modified":"2022-01-06T21:34:47","modified_gmt":"2022-01-06T20:34:47","slug":"black-loose-wave-wig-handmade-with-front-lace-13x4","status":"publish","type":"product","link":"https:\/\/kenblihair.com\/?product=black-loose-wave-wig-handmade-with-front-lace-13x4","title":{"rendered":"BLACK LOOSE WAVE WIG &#8220;HANDMADE&#8221; WITH FRONT LACE 13X4"},"content":{"rendered":"<p>BLACK LOOSE WAVE WIG &#8220;HANDMADE&#8221; WITH FRONT LACE 13X4<\/p>\n","protected":false},"excerpt":{"rendered":"<p>BLACK LOOSE WAVE WIG &#8220;HANDMADE&#8221; WITH FRONT LACE 13X4<\/p>\n","protected":false},"featured_media":9929,"comment_status":"open","ping_status":"closed","template":"","meta":{"spay_email":""},"product_cat":[140,373],"product_tag":[374],"class_list":{"0":"post-11266","1":"product","2":"type-product","3":"status-publish","4":"has-post-thumbnail","6":"product_cat-wigs","7":"product_cat-handmade-wigs","8":"product_tag-made-by-hand","9":"latest_post","11":"first","12":"outofstock","13":"taxable","14":"shipping-taxable","15":"purchasable","16":"product-type-variable","17":"has-default-attributes"},"jetpack-related-posts":[{"id":2611,"url":"https:\/\/kenblihair.com\/?product=black-loose-wave-wig-with-lace-frontal-13x4-100-virgin-human-hair","url_meta":{"origin":11266,"position":0},"title":"Black Loose Wave Wig with Lace Front 13&#215;4 100% Virgin Human Hair","date":"29 November 2021","format":false,"excerpt":"Black Loose Wave & Deep Wig with Lace Front 13x4 100% Virgin Human Hair","rel":"","context":"Similar post","img":{"alt_text":"","src":"https:\/\/i2.wp.com\/kenblihair.com\/wp-content\/uploads\/2021\/11\/SWIPE-UP-2-Perruque-Noire-Loose-Wave-avec-Lace-Frontal-13\u00d74-100-Virgin-Human-Hair.jpeg?fit=1015%2C1015&ssl=1&resize=350%2C200","width":350,"height":200},"classes":[]},{"id":11768,"url":"https:\/\/kenblihair.com\/?product=bob-wig-black-loose-wave-with-lace-frontal-hd-13x4-100-virgin-human-hair-wig","url_meta":{"origin":11266,"position":1},"title":"Black Loose Wave Bob Wig Wig with Lace Front HD 13&#215;4 100% Virgin Human Hair","date":"19 December 2021","format":false,"excerpt":"Perruque Bob Wig Noire Loose Wave avec Lace Frontal HD 13x4 100% Virgin Human Hair","rel":"","context":"Similar post","img":{"alt_text":"","src":"","width":0,"height":0},"classes":[]},{"id":5665,"url":"https:\/\/kenblihair.com\/?product=perruque-bob-wig-noire-loose-wave-avec-lace-frontal-hd-13x4-100-virgin-human-hair","url_meta":{"origin":11266,"position":2},"title":"Perruque Bob Wig Noire Loose Wave avec Lace Frontal HD 13&#215;4 100% Virgin Human  Hair","date":"19 December 2021","format":false,"excerpt":"Perruque Bob Wig Noire Loose Wave avec Lace Frontal HD 13x4 100% Virgin Human Hair","rel":"","context":"Similar post","img":{"alt_text":"","src":"https:\/\/i2.wp.com\/kenblihair.com\/wp-content\/uploads\/2021\/12\/SWIPE-UP-1.-Perruque-Bob-Wig-Noire-Loose-Wave-avec-Lace-Frontal-HD-13\u00d74-100-Virgin-Human-Hair.jpeg?fit=992%2C992&ssl=1&resize=350%2C200","width":350,"height":200},"classes":[]},{"id":11792,"url":"https:\/\/kenblihair.com\/?product=bob-wig-ombre-loose-wave-wig-with-lace-frontal-hd-13x4-100-virgin-human-hair","url_meta":{"origin":11266,"position":3},"title":"Bob Wig Ombr\u00e9 Loose Wave with Lace Front HD 13 \u00d7 4 100% Virgin Human Hair","date":"19 December 2021","format":false,"excerpt":"Bob Wig Ombr\u00e9 Loose Wave with Lace Front HD 13 \u00d7 4 100% Virgin Human Hair","rel":"","context":"Similar post","img":{"alt_text":"","src":"","width":0,"height":0},"classes":[]},{"id":11274,"url":"https:\/\/kenblihair.com\/?product=hand-made-black-kinky-straight-wig-with-lace-frontal-13x4","url_meta":{"origin":11266,"position":4},"title":"KINKY STRAIGHT BLACK WIG &#8220;HANDMADE&#8221; WITH FRONT LACE 13X4","date":"24 December 2021","format":false,"excerpt":"KINKY STRAIGHT BLACK WIG \"HANDMADE\" WITH FRONT LACE 13X4","rel":"","context":"Similar post","img":{"alt_text":"","src":"https:\/\/i2.wp.com\/kenblihair.com\/wp-content\/uploads\/2021\/12\/SWIPE-UP-1-PERRUQUE-NOIRE-KINKY-STRAIGHT-FAITE-A-LA-MAIN-AVEC-LACE-FRONTAL-13X4.jpeg?fit=768%2C768&ssl=1&resize=350%2C200","width":350,"height":200},"classes":[]},{"id":5660,"url":"https:\/\/kenblihair.com\/?product=perruque-bob-wig-ombre-loose-wave-avec-lace-frontal-hd-13x4-100-virgin-human-hair","url_meta":{"origin":11266,"position":5},"title":"Perruque Bob Wig Ombr\u00e9 Loose Wave avec Lace Frontal HD 13\u00d74 100% Virgin Human Hair","date":"19 December 2021","format":false,"excerpt":"Perruque Bob Wig Ombr\u00e9 Loose Wave avec Lace Frontal HD 13\u00d74 100% Virgin Human Hair","rel":"","context":"Similar post","img":{"alt_text":"","src":"https:\/\/i1.wp.com\/kenblihair.com\/wp-content\/uploads\/2021\/12\/SWIPE-UP-1.-Perruque-Bob-Wig-Ombre-Loose-Wave-avec-Lace-Frontal-HD-13\u00d74-100-Virgin-Human-Hair.jpeg?fit=995%2C995&ssl=1&resize=350%2C200","width":350,"height":200},"classes":[]}],"_links":{"self":[{"href":"https:\/\/kenblihair.com\/index.php?rest_route=\/wp\/v2\/product\/11266","targetHints":{"allow":["GET"]}}],"collection":[{"href":"https:\/\/kenblihair.com\/index.php?rest_route=\/wp\/v2\/product"}],"about":[{"href":"https:\/\/kenblihair.com\/index.php?rest_route=\/wp\/v2\/types\/product"}],"replies":[{"embeddable":true,"href":"https:\/\/kenblihair.com\/index.php?rest_route=%2Fwp%2Fv2%2Fcomments&post=11266"}],"wp:featuredmedia":[{"embeddable":true,"href":"https:\/\/kenblihair.com\/index.php?rest_route=\/wp\/v2\/media\/9929"}],"wp:attachment":[{"href":"https:\/\/kenblihair.com\/index.php?rest_route=%2Fwp%2Fv2%2Fmedia&parent=11266"}],"wp:term":[{"taxonomy":"product_cat","embeddable":true,"href":"https:\/\/kenblihair.com\/index.php?rest_route=%2Fwp%2Fv2%2Fproduct_cat&post=11266"},{"taxonomy":"product_tag","embeddable":true,"href":"https:\/\/kenblihair.com\/index.php?rest_route=%2Fwp%2Fv2%2Fproduct_tag&post=11266"}],"curies":[{"name":"wp","href":"https:\/\/api.w.org\/{rel}","templated":true}]}}