{"id":11343,"date":"2021-12-29T22:57:01","date_gmt":"2022-01-06T22:17:47","guid":{"rendered":"https:\/\/elsihair.com\/?product=glattes-ombre-blonde-webt-3-knaeuel-100-reines-echthaar"},"modified":"2022-01-06T23:17:47","modified_gmt":"2022-01-06T22:17:47","slug":"glatt-gewebt-blond-ombre-3-knauel-100-jungfrau-echthaar","status":"publish","type":"product","link":"https:\/\/kenblihair.com\/?product=glatt-gewebt-blond-ombre-3-knauel-100-jungfrau-echthaar","title":{"rendered":"Glattes Ombre Blonde webt 3 Kn\u00e4uel 100 % reines Echthaar"},"content":{"rendered":"<p>Glattes Ombre Blonde webt 3 Kn\u00e4uel 100 % reines Echthaar<\/p>\n","protected":false},"excerpt":{"rendered":"<p>Glattes Ombre Blonde webt 3 Kn\u00e4uel 100 % reines Echthaar<\/p>\n","protected":false},"featured_media":10586,"comment_status":"open","ping_status":"closed","template":"","meta":{"spay_email":""},"product_cat":[161],"product_tag":[372],"class_list":{"0":"post-11343","1":"product","2":"type-product","3":"status-publish","4":"has-post-thumbnail","6":"product_cat-weberei","7":"product_tag-moglichkeit-1-oder-2-messloffel-zu-bestellen","8":"latest_post","10":"first","11":"instock","12":"sale","13":"taxable","14":"shipping-taxable","15":"purchasable","16":"product-type-variable","17":"has-default-attributes"},"jetpack-related-posts":[{"id":11400,"url":"https:\/\/kenblihair.com\/?product=glatt-gewebt-blond-1b-613-3-boules-100-jungfrau-echthaar","url_meta":{"origin":11343,"position":0},"title":"Webt glattes Blond 1b \/ 613 3 Kn\u00e4uel 100% reines Echthaar","date":"29 December 2021","format":false,"excerpt":"Webt glattes Blond 1B \/ 613 3 Kn\u00e4uel 100% reines Echthaar","rel":"","context":"Similar post","img":{"alt_text":"","src":"https:\/\/i1.wp.com\/kenblihair.com\/wp-content\/uploads\/2021\/12\/SWIPE-UP-1.-Tissages-Lisse-Blond-1b-613-3-boules-100-Virgin-Human-Hair.jpeg?fit=1024%2C987&ssl=1&resize=350%2C200","width":350,"height":200},"classes":[]},{"id":11439,"url":"https:\/\/kenblihair.com\/?product=webt-body-wave-blond-ombre-3-balls-100-virgin-human-hair","url_meta":{"origin":11343,"position":1},"title":"Body Wave Blond Ombr\u00e9 webt 3 Kn\u00e4uel 100% reines Echthaar","date":"29 December 2021","format":false,"excerpt":"Body Wave Blond Ombr\u00e9 webt 3 Kn\u00e4uel 100% reines Echthaar","rel":"","context":"Similar post","img":{"alt_text":"","src":"https:\/\/i0.wp.com\/kenblihair.com\/wp-content\/uploads\/2021\/12\/SWIPE-UP-1.-Tissages-Body-Wave-Blond-Ombre-3-boules-100-Virgin-Human-Hai.jpeg?fit=963%2C963&ssl=1&resize=350%2C200","width":350,"height":200},"classes":[]},{"id":2144,"url":"https:\/\/kenblihair.com\/?product=glatt-gewebt-blond-613-3-knauel-100-jungfrau-echthaar","url_meta":{"origin":11343,"position":2},"title":"Webt Smooth Blond 613 3 Kn\u00e4uel 100% reines Echthaar","date":"10 December 2021","format":false,"excerpt":"Webt Smooth Blond 613 3 Kn\u00e4uel 100% reines Echthaar","rel":"","context":"Similar post","img":{"alt_text":"","src":"https:\/\/i0.wp.com\/kenblihair.com\/wp-content\/uploads\/2021\/12\/SWIPE-UP-1.-Tissages-Lisse-Blond-613-3-boules-100-Virgin-Human-Hair.jpeg?fit=768%2C1024&ssl=1&resize=350%2C200","width":350,"height":200},"classes":[]},{"id":8202,"url":"https:\/\/kenblihair.com\/?product=weben-kinky-curly-brown-ombre-3-balls-100-virgin-human-hair","url_meta":{"origin":11343,"position":3},"title":"KINKY CURLY OMBRE BRAUN WEAVING 3 B\u00c4LLE 100% reines MENSCHHAAR","date":"25 December 2021","format":false,"excerpt":"Kinky Curly Brown Ombr\u00e9 Webt 3 Kn\u00e4uel 100 % reines Echthaar","rel":"","context":"Similar post","img":{"alt_text":"","src":"https:\/\/i0.wp.com\/kenblihair.com\/wp-content\/uploads\/2021\/12\/SWIPE-UP-1.-Tissage-Kinky-Curly-Brun-Ombre-3-boules-100-Virgin-Human-Hair.jpeg?fit=993%2C993&ssl=1&resize=350%2C200","width":350,"height":200},"classes":[]},{"id":5269,"url":"https:\/\/kenblihair.com\/?product=blonde-ombre-glatte-perucke-mit-spitze-frontal-hd-13x4-100-jungfrau-echthaar","url_meta":{"origin":11343,"position":4},"title":"Ombre Blonde Glatte Per\u00fccke mit Spitzenfront HD 13&#215;4 100% reines Echthaar","date":"18 December 2021","format":false,"excerpt":"Ombre Blonde Glatte Per\u00fccke mit Spitzenfront HD 13x4 100% reines Echthaar \u00a0","rel":"","context":"Similar post","img":{"alt_text":"","src":"https:\/\/i0.wp.com\/kenblihair.com\/wp-content\/uploads\/2021\/12\/SWIPE-UP-1-Perruque-Blond-Ombre-Lisse-avec-Lace-Frontal-HD-13\u00d74-100-Virgin-Human-Hair.jpeg?fit=1000%2C1000&ssl=1&resize=350%2C200","width":350,"height":200},"classes":[]},{"id":11459,"url":"https:\/\/kenblihair.com\/?product=webt-deep-wave-blond-613-3-boules-100-virgin-human-hair","url_meta":{"origin":11343,"position":5},"title":"Weaves Deep Wave Blond 613, 3 Kn\u00e4uel 100% reines Echthaar","date":"29 December 2021","format":false,"excerpt":"Weaves Deep Wave Blond 613 3 Kn\u00e4uel 100% reines Echthaar","rel":"","context":"Similar post","img":{"alt_text":"","src":"https:\/\/i0.wp.com\/kenblihair.com\/wp-content\/uploads\/2021\/12\/SWIPE-UP-1.-Tissages-Deep-Wave-Blond-613-3-boules-100-Virgin-Human-Hair.jpeg?fit=984%2C984&ssl=1&resize=350%2C200","width":350,"height":200},"classes":[]}],"_links":{"self":[{"href":"https:\/\/kenblihair.com\/index.php?rest_route=\/wp\/v2\/product\/11343","targetHints":{"allow":["GET"]}}],"collection":[{"href":"https:\/\/kenblihair.com\/index.php?rest_route=\/wp\/v2\/product"}],"about":[{"href":"https:\/\/kenblihair.com\/index.php?rest_route=\/wp\/v2\/types\/product"}],"replies":[{"embeddable":true,"href":"https:\/\/kenblihair.com\/index.php?rest_route=%2Fwp%2Fv2%2Fcomments&post=11343"}],"wp:featuredmedia":[{"embeddable":true,"href":"https:\/\/kenblihair.com\/index.php?rest_route=\/wp\/v2\/media\/10586"}],"wp:attachment":[{"href":"https:\/\/kenblihair.com\/index.php?rest_route=%2Fwp%2Fv2%2Fmedia&parent=11343"}],"wp:term":[{"taxonomy":"product_cat","embeddable":true,"href":"https:\/\/kenblihair.com\/index.php?rest_route=%2Fwp%2Fv2%2Fproduct_cat&post=11343"},{"taxonomy":"product_tag","embeddable":true,"href":"https:\/\/kenblihair.com\/index.php?rest_route=%2Fwp%2Fv2%2Fproduct_tag&post=11343"}],"curies":[{"name":"wp","href":"https:\/\/api.w.org\/{rel}","templated":true}]}}