{"id":11750,"date":"2021-12-19T01:44:36","date_gmt":"2022-01-07T01:39:31","guid":{"rendered":"https:\/\/elsihair.com\/?product=schwarze-kinky-curly-bob-peruecke-peruecke-mit-spitze-vorne-13x4-100-reines-echthaar"},"modified":"2022-01-07T02:39:31","modified_gmt":"2022-01-07T01:39:31","slug":"schwarze-kinky-lockige-perucke-mit-pony-100-jungfrau-echthaar","status":"publish","type":"product","link":"https:\/\/kenblihair.com\/?product=schwarze-kinky-lockige-perucke-mit-pony-100-jungfrau-echthaar","title":{"rendered":"Schwarze Kinky Curly Bob Per\u00fccke Per\u00fccke mit Spitze vorne 13&#215;4 100% reines Echthaar"},"content":{"rendered":"<p>Schwarze Kinky Curly Bob Per\u00fccke Per\u00fccke mit Spitze vorne 13&#215;4 100% reines Echthaar<\/p>\n","protected":false},"excerpt":{"rendered":"<p>Schwarze Kinky Curly Bob Per\u00fccke Per\u00fccke mit Spitze vorne 13&#215;4 100% reines Echthaar<\/p>\n","protected":false},"featured_media":0,"comment_status":"open","ping_status":"closed","template":"","meta":{"spay_email":""},"product_cat":[184],"product_tag":[320],"class_list":{"0":"post-11750","1":"product","2":"type-product","3":"status-publish","5":"product_cat-perucken","6":"product_tag-bob-perucke-13x4","7":"latest_post","9":"first","10":"instock","11":"sale","12":"taxable","13":"shipping-taxable","14":"purchasable","15":"product-type-variable","16":"has-default-attributes"},"jetpack-related-posts":[{"id":2434,"url":"https:\/\/kenblihair.com\/?product=straight-bob-perucke-schwarze-perucke-mit-pony-100-virgin-echthaar","url_meta":{"origin":11750,"position":0},"title":"Black Water Wave Bob Per\u00fccke Per\u00fccke mit Spitze vorne 13&#215;4 100% reines Echthaar","date":"9 December 2021","format":false,"excerpt":"Black Water Wave Bob Per\u00fccke Per\u00fccke mit Spitze vorne 13x4 100% reines Echthaar","rel":"","context":"Similar post","img":{"alt_text":"","src":"https:\/\/i2.wp.com\/kenblihair.com\/wp-content\/uploads\/2021\/12\/SWIPE-UP-1.-Perruque-Bob-Wig-Noire-Water-Wave-avec-Lace-Frontal-13\u00d74-100-Virgin-Human-Hair.jpeg?fit=1012%2C1012&ssl=1&resize=350%2C200","width":350,"height":200},"classes":[]},{"id":4096,"url":"https:\/\/kenblihair.com\/?product=bob-perucke-kinky-curly-schwarz-perucke-mit-spitze-frontal-hd-13x4-100-virgin-echthaar","url_meta":{"origin":11750,"position":1},"title":"Bob Per\u00fccke Kinky Curly Black Per\u00fccke mit Lace Front HD 13&#215;4 100% reines Echthaar","date":"16 December 2021","format":false,"excerpt":"Bob Per\u00fccke Kinky Curly Black Per\u00fccke mit Lace Front HD 13x4 100% reines Echthaar","rel":"","context":"Similar post","img":{"alt_text":"","src":"https:\/\/i2.wp.com\/kenblihair.com\/wp-content\/uploads\/2021\/12\/SWIPE-UP-1.-Perruque-Bob-Wig-Kinky-Curly-Noire-avec-Lace-Frontal-HD-13\u00d74-100-Virgin-Human-Hair.jpeg?fit=999%2C999&ssl=1&resize=350%2C200","width":350,"height":200},"classes":[]},{"id":11709,"url":"https:\/\/kenblihair.com\/?product=perucke-bob-perucke-blau-glatt-mit-spitze-frontal-13x4-100-jungfrau-echthaar","url_meta":{"origin":11750,"position":2},"title":"Glatte blaue Bob Per\u00fccke Per\u00fccke mit Spitze vorne 13 \u00d7 4 100% reines Echthaar","date":"3 January 2022","format":false,"excerpt":"Glatte blaue Bob Per\u00fccke Per\u00fccke mit Spitze vorne 13 \u00d7 4 100% reines Echthaar","rel":"","context":"Similar post","img":{"alt_text":"","src":"https:\/\/i2.wp.com\/kenblihair.com\/wp-content\/uploads\/2022\/01\/SWIPE-UP-1.-Perruque-Bob-Wig-Bleu-Lisse-avec-Lace-Frontal-13x4-100-Virgin-Human-Hair.jpeg?fit=1200%2C1200&ssl=1&resize=350%2C200","width":350,"height":200},"classes":[]},{"id":11739,"url":"https:\/\/kenblihair.com\/?product=blonde-ombre-kinky-lockige-perucke-mit-pony-100-jungfrau-echthaar","url_meta":{"origin":11750,"position":3},"title":"Gerade Ombre Blonde Bob Per\u00fccke Per\u00fccke mit Spitze vorne 13&#215;4 100% Virgin Human","date":"19 December 2021","format":false,"excerpt":"Gerade Ombre Blonde Bob Per\u00fccke Per\u00fccke mit Spitze vorne 13x4 100% Virgin Human","rel":"","context":"Similar post","img":{"alt_text":"","src":"","width":0,"height":0},"classes":[]},{"id":3065,"url":"https:\/\/kenblihair.com\/?product=bob-peruecke-kinky-curly-schwarze-peruecke-mit-pony-100-virgin-echthaar","url_meta":{"origin":11750,"position":4},"title":"Bob Per\u00fccke Kinky Curly Schwarze Per\u00fccke mit HD-Verschluss 5 \u00d7 5 100% reines Echthaar","date":"9 December 2021","format":false,"excerpt":"Bob Per\u00fccke Kinky Curly Schwarze Per\u00fccke mit HD-Verschluss 5 \u00d7 5 100% reines Echthaar","rel":"","context":"Similar post","img":{"alt_text":"","src":"https:\/\/i2.wp.com\/kenblihair.com\/wp-content\/uploads\/2021\/12\/SWIPE-UP-1.-Perruque-Bob-Wig-Kinky-Curly-Noire-avec-Closure-HD-5\u00d75-100-Virgin-Human-Hair.jpeg?fit=993%2C993&ssl=1&resize=350%2C200","width":350,"height":200},"classes":[]},{"id":2212,"url":"https:\/\/kenblihair.com\/?product=schwarz-kinky-gerade-perucke-mit-spitze-frontal-hd-13x4-100-jungfrau-echthaar","url_meta":{"origin":11750,"position":5},"title":"KINKY GERADE SCHWARZE PER\u00dcCKE MIT VORDERER SPITZE HD 13&#215;4 100% reines Echthaar","date":"9 December 2021","format":false,"excerpt":"KINKY GERADE SCHWARZE PER\u00dcCKE MIT VORDERER SPITZE HD 13x4 100% reines Echthaar","rel":"","context":"Similar post","img":{"alt_text":"","src":"https:\/\/i0.wp.com\/kenblihair.com\/wp-content\/uploads\/2021\/12\/SWIPE-UP-1-Perruque-Noire-Kinky-Straight-avec-Lace-Frontal-HD-13\u00d74-100-Virgin-Human-Hair.jpeg?fit=1017%2C1017&ssl=1&resize=350%2C200","width":350,"height":200},"classes":[]}],"_links":{"self":[{"href":"https:\/\/kenblihair.com\/index.php?rest_route=\/wp\/v2\/product\/11750","targetHints":{"allow":["GET"]}}],"collection":[{"href":"https:\/\/kenblihair.com\/index.php?rest_route=\/wp\/v2\/product"}],"about":[{"href":"https:\/\/kenblihair.com\/index.php?rest_route=\/wp\/v2\/types\/product"}],"replies":[{"embeddable":true,"href":"https:\/\/kenblihair.com\/index.php?rest_route=%2Fwp%2Fv2%2Fcomments&post=11750"}],"wp:attachment":[{"href":"https:\/\/kenblihair.com\/index.php?rest_route=%2Fwp%2Fv2%2Fmedia&parent=11750"}],"wp:term":[{"taxonomy":"product_cat","embeddable":true,"href":"https:\/\/kenblihair.com\/index.php?rest_route=%2Fwp%2Fv2%2Fproduct_cat&post=11750"},{"taxonomy":"product_tag","embeddable":true,"href":"https:\/\/kenblihair.com\/index.php?rest_route=%2Fwp%2Fv2%2Fproduct_tag&post=11750"}],"curies":[{"name":"wp","href":"https:\/\/api.w.org\/{rel}","templated":true}]}}