{"id":11896,"date":"2021-12-18T22:37:20","date_gmt":"2022-01-07T03:44:42","guid":{"rendered":"https:\/\/elsihair.com\/?product=glatte-honigblonde-stirnbandperuecke-100-reines-echthaar"},"modified":"2022-01-07T04:44:42","modified_gmt":"2022-01-07T03:44:42","slug":"perucke-stirnband-blond-honig-glatt-100-jungfrau-echthaar","status":"publish","type":"product","link":"https:\/\/kenblihair.com\/?product=perucke-stirnband-blond-honig-glatt-100-jungfrau-echthaar","title":{"rendered":"Glatte honigblonde Stirnbandper\u00fccke 100% reines Echthaar"},"content":{"rendered":"<p>Glatte honigblonde Stirnbandper\u00fccke 100% reines Echthaar<\/p>\n","protected":false},"excerpt":{"rendered":"<p>Glatte honigblonde Stirnbandper\u00fccke 100% reines Echthaar<\/p>\n","protected":false},"featured_media":10368,"comment_status":"open","ping_status":"closed","template":"","meta":{"spay_email":""},"product_cat":[184],"product_tag":[334],"class_list":{"0":"post-11896","1":"product","2":"type-product","3":"status-publish","4":"has-post-thumbnail","6":"product_cat-perucken","7":"product_tag-perucke-stirnband","8":"latest_post","10":"first","11":"instock","12":"sale","13":"taxable","14":"shipping-taxable","15":"purchasable","16":"product-type-variable","17":"has-default-attributes"},"jetpack-related-posts":[{"id":2835,"url":"https:\/\/kenblihair.com\/?product=honigblond-wasserwelle-100-jungfrau-menschenhaar-perucke-stirnband","url_meta":{"origin":11896,"position":0},"title":"Honigblonde Wasserwellen-Stirnbandper\u00fccke 100% reines Echthaar","date":"9 December 2021","format":false,"excerpt":"Honigblonde Wasserwellen-Stirnbandper\u00fccke 100% reines Echthaar","rel":"","context":"Similar post","img":{"alt_text":"","src":"https:\/\/i2.wp.com\/kenblihair.com\/wp-content\/uploads\/2021\/12\/SWIPE-UP-1.-Perruque-Bandeau-Blond-Miel-Water-Wave-100-Virgin-Human-Hair.jpeg?fit=1010%2C1010&ssl=1&resize=350%2C200","width":350,"height":200},"classes":[]},{"id":5443,"url":"https:\/\/kenblihair.com\/?product=honigblonde-bob-perucke-perucke-mit-pony-100-jungfrau-menschenhaar","url_meta":{"origin":11896,"position":1},"title":"Honigblonde Bob Per\u00fccke Per\u00fccke mit Pony 100% reines Echthaar","date":"18 December 2021","format":false,"excerpt":"Honigblonde Bob Per\u00fccke Per\u00fccke mit Pony 100% reines Echthaar","rel":"","context":"Similar post","img":{"alt_text":"","src":"https:\/\/i0.wp.com\/kenblihair.com\/wp-content\/uploads\/2021\/12\/SWIPE-UP-1.-Perruque-Lisse-Bob-Wig-Blond-Miel-avec-Frange-100-Virgin-Human-Hair.jpeg?fit=998%2C998&ssl=1&resize=350%2C200","width":350,"height":200},"classes":[]},{"id":5289,"url":"https:\/\/kenblihair.com\/?product=perucke-bob-perucke-braun-honig-blond-glatt-mit-spitze-frontal-hd-13x4-100-jungfrau-echthaar","url_meta":{"origin":11896,"position":2},"title":"Glatte honigblonde braune Bob Per\u00fccke mit Lace Front HD 13&#215;4 100% reines Echthaar Per\u00fccke","date":"18 December 2021","format":false,"excerpt":"Straight Honey Blonde Brown Bob Per\u00fccke Per\u00fccke mit Lace Front HD 13x4 100% Virgin Human Hassen","rel":"","context":"Similar post","img":{"alt_text":"","src":"https:\/\/i2.wp.com\/kenblihair.com\/wp-content\/uploads\/2021\/12\/SWIPE-UP-1.-Perruque-Bob-Wig-Brun-Blond-Miel-Lisse-avec-Lace-Frontal-HD-13\u00d74-100-Virgin-Human-Hair.jpeg?fit=998%2C998&ssl=1&resize=350%2C200","width":350,"height":200},"classes":[]},{"id":5343,"url":"https:\/\/kenblihair.com\/?product=schwarze-glatte-perucke-mit-pony-100-jungfrau-echthaar","url_meta":{"origin":11896,"position":3},"title":"Glatte schwarze Per\u00fccke mit Pony 100% reines Echthaar","date":"18 December 2021","format":false,"excerpt":"Glatte schwarze Per\u00fccke mit Pony 100% reines Echthaar","rel":"","context":"Similar post","img":{"alt_text":"","src":"https:\/\/i0.wp.com\/kenblihair.com\/wp-content\/uploads\/2021\/12\/SWIPE-UP-1-Perruque-Noire-Lisse-avec-Frange-100-Virgin-Human-Hair.jpeg?fit=1022%2C1022&ssl=1&resize=350%2C200","width":350,"height":200},"classes":[]},{"id":12166,"url":"https:\/\/kenblihair.com\/?product=straight-bob-perucke-blond-613-perucke-mit-pony-100-virgin-echthaar","url_meta":{"origin":11896,"position":4},"title":"Glatte Bob Per\u00fccke Blonde 613 Per\u00fccke mit Pony 100% reines Echthaar","date":"11 January 2022","format":false,"excerpt":"Glatte Bob Per\u00fccke Blonde 613 Per\u00fccke mit Pony 100% reines Echthaar","rel":"","context":"Similar post","img":{"alt_text":"","src":"https:\/\/i2.wp.com\/kenblihair.com\/wp-content\/uploads\/2022\/01\/Perruque-Lisse-Bob-Wig-Blond-613-avec-Frange-100-Virgin-Human-Hair1.jpeg?fit=1024%2C1019&ssl=1&resize=350%2C200","width":350,"height":200},"classes":[]},{"id":7486,"url":"https:\/\/kenblihair.com\/?product=schwarze-bob-perucke-glatte-perucke-mit-pony-100-jungfrau-echthaar","url_meta":{"origin":11896,"position":5},"title":"Schwarze Bob Per\u00fccke Glatte Per\u00fccke mit Pony 100% reines Echthaar","date":"18 December 2021","format":false,"excerpt":"Schwarze Bob Per\u00fccke Glatte Per\u00fccke mit Pony 100% reines Echthaar","rel":"","context":"Similar post","img":{"alt_text":"","src":"https:\/\/i1.wp.com\/kenblihair.com\/wp-content\/uploads\/2021\/12\/SWIPE-UP-1.-Perruque-Noire-Bob-Wig-Lisse-avec-Frange-100-Virgin-Human-Hair.jpeg?fit=978%2C978&ssl=1&resize=350%2C200","width":350,"height":200},"classes":[]}],"_links":{"self":[{"href":"https:\/\/kenblihair.com\/index.php?rest_route=\/wp\/v2\/product\/11896","targetHints":{"allow":["GET"]}}],"collection":[{"href":"https:\/\/kenblihair.com\/index.php?rest_route=\/wp\/v2\/product"}],"about":[{"href":"https:\/\/kenblihair.com\/index.php?rest_route=\/wp\/v2\/types\/product"}],"replies":[{"embeddable":true,"href":"https:\/\/kenblihair.com\/index.php?rest_route=%2Fwp%2Fv2%2Fcomments&post=11896"}],"wp:featuredmedia":[{"embeddable":true,"href":"https:\/\/kenblihair.com\/index.php?rest_route=\/wp\/v2\/media\/10368"}],"wp:attachment":[{"href":"https:\/\/kenblihair.com\/index.php?rest_route=%2Fwp%2Fv2%2Fmedia&parent=11896"}],"wp:term":[{"taxonomy":"product_cat","embeddable":true,"href":"https:\/\/kenblihair.com\/index.php?rest_route=%2Fwp%2Fv2%2Fproduct_cat&post=11896"},{"taxonomy":"product_tag","embeddable":true,"href":"https:\/\/kenblihair.com\/index.php?rest_route=%2Fwp%2Fv2%2Fproduct_tag&post=11896"}],"curies":[{"name":"wp","href":"https:\/\/api.w.org\/{rel}","templated":true}]}}