{"id":2144,"date":"2021-12-10T00:46:04","date_gmt":"2021-12-13T12:37:25","guid":{"rendered":"https:\/\/elsihair.com\/?product=webt-smooth-blond-613-3-knaeuel-100-reines-echthaar"},"modified":"2021-12-13T13:37:25","modified_gmt":"2021-12-13T12:37:25","slug":"glatt-gewebt-blond-613-3-knauel-100-jungfrau-echthaar","status":"publish","type":"product","link":"https:\/\/kenblihair.com\/?product=glatt-gewebt-blond-613-3-knauel-100-jungfrau-echthaar","title":{"rendered":"Webt Smooth Blond 613 3 Kn\u00e4uel 100% reines Echthaar"},"content":{"rendered":"<p>Webt Glatt Blond 613 3 Kn\u00e4uel 100% Jungfrau<br \/>\nMenschliches Haar<\/p>\n","protected":false},"excerpt":{"rendered":"<p>Webt Smooth Blond 613 3 Kn\u00e4uel 100% reines Echthaar<\/p>\n","protected":false},"featured_media":10709,"comment_status":"open","ping_status":"closed","template":"","meta":{"spay_email":""},"product_cat":[161],"product_tag":[162],"class_list":{"0":"post-2144","1":"product","2":"type-product","3":"status-publish","4":"has-post-thumbnail","6":"product_cat-weberei","7":"product_tag-weberei","8":"latest_post","10":"first","11":"instock","12":"sale","13":"taxable","14":"shipping-taxable","15":"purchasable","16":"product-type-variable","17":"has-default-attributes"},"jetpack-related-posts":[{"id":11400,"url":"https:\/\/kenblihair.com\/?product=glatt-gewebt-blond-1b-613-3-boules-100-jungfrau-echthaar","url_meta":{"origin":2144,"position":0},"title":"Webt glattes Blond 1b \/ 613 3 Kn\u00e4uel 100% reines Echthaar","date":"29 December 2021","format":false,"excerpt":"Webt glattes Blond 1B \/ 613 3 Kn\u00e4uel 100% reines Echthaar","rel":"","context":"Similar post","img":{"alt_text":"","src":"https:\/\/i1.wp.com\/kenblihair.com\/wp-content\/uploads\/2021\/12\/SWIPE-UP-1.-Tissages-Lisse-Blond-1b-613-3-boules-100-Virgin-Human-Hair.jpeg?fit=1024%2C987&ssl=1&resize=350%2C200","width":350,"height":200},"classes":[]},{"id":11459,"url":"https:\/\/kenblihair.com\/?product=webt-deep-wave-blond-613-3-boules-100-virgin-human-hair","url_meta":{"origin":2144,"position":1},"title":"Weaves Deep Wave Blond 613, 3 Kn\u00e4uel 100% reines Echthaar","date":"29 December 2021","format":false,"excerpt":"Weaves Deep Wave Blond 613 3 Kn\u00e4uel 100% reines Echthaar","rel":"","context":"Similar post","img":{"alt_text":"","src":"https:\/\/i0.wp.com\/kenblihair.com\/wp-content\/uploads\/2021\/12\/SWIPE-UP-1.-Tissages-Deep-Wave-Blond-613-3-boules-100-Virgin-Human-Hair.jpeg?fit=984%2C984&ssl=1&resize=350%2C200","width":350,"height":200},"classes":[]},{"id":8787,"url":"https:\/\/kenblihair.com\/?product=webt-body-wave-blond-1b-613-3-boules-100-virgin-human-hair","url_meta":{"origin":2144,"position":2},"title":"Weaves Body Wave Blond 1b-613 3 Kn\u00e4uel 100% reines Echthaar","date":"29 December 2021","format":false,"excerpt":"Weaves Body Wave Blond 1b-613 3 Kn\u00e4uel 100% reines Echthaar","rel":"","context":"Similar post","img":{"alt_text":"","src":"https:\/\/i0.wp.com\/kenblihair.com\/wp-content\/uploads\/2021\/12\/SWIPE-UP-1.-Tissages-Body-Wave-Blond-1b-613-3-boules-100-Virgin-Human-Hair.jpeg?fit=993%2C993&ssl=1&resize=350%2C200","width":350,"height":200},"classes":[]},{"id":11343,"url":"https:\/\/kenblihair.com\/?product=glatt-gewebt-blond-ombre-3-knauel-100-jungfrau-echthaar","url_meta":{"origin":2144,"position":3},"title":"Glattes Ombre Blonde webt 3 Kn\u00e4uel 100 % reines Echthaar","date":"29 December 2021","format":false,"excerpt":"Glattes Ombre Blonde webt 3 Kn\u00e4uel 100 % reines Echthaar","rel":"","context":"Similar post","img":{"alt_text":"","src":"https:\/\/i0.wp.com\/kenblihair.com\/wp-content\/uploads\/2021\/12\/Tissages-Lisse-Blond-Ombre-3-boules-100-Virgin-Human-Hair.jpeg?fit=862%2C862&ssl=1&resize=350%2C200","width":350,"height":200},"classes":[]},{"id":11439,"url":"https:\/\/kenblihair.com\/?product=webt-body-wave-blond-ombre-3-balls-100-virgin-human-hair","url_meta":{"origin":2144,"position":4},"title":"Body Wave Blond Ombr\u00e9 webt 3 Kn\u00e4uel 100% reines Echthaar","date":"29 December 2021","format":false,"excerpt":"Body Wave Blond Ombr\u00e9 webt 3 Kn\u00e4uel 100% reines Echthaar","rel":"","context":"Similar post","img":{"alt_text":"","src":"https:\/\/i0.wp.com\/kenblihair.com\/wp-content\/uploads\/2021\/12\/SWIPE-UP-1.-Tissages-Body-Wave-Blond-Ombre-3-boules-100-Virgin-Human-Hai.jpeg?fit=963%2C963&ssl=1&resize=350%2C200","width":350,"height":200},"classes":[]},{"id":2387,"url":"https:\/\/kenblihair.com\/?product=webt-body-wave-blond-613-3-boules-100-virgin-human-hair","url_meta":{"origin":2144,"position":5},"title":"Weaves Body Wave Blond 613 3 Kn\u00e4uel 100% reines Echthaar","date":"1 December 2021","format":false,"excerpt":"Weaves Body Wave Blond 613 3 Kn\u00e4uel 100% reines Echthaar","rel":"","context":"Similar post","img":{"alt_text":"","src":"https:\/\/i1.wp.com\/kenblihair.com\/wp-content\/uploads\/2021\/12\/SWIPE-UP-1.-Tissages-Body-Wave-Blond-613-3-boules-100-Virgin-Human-Hair.jpeg?fit=768%2C767&ssl=1&resize=350%2C200","width":350,"height":200},"classes":[]}],"_links":{"self":[{"href":"https:\/\/kenblihair.com\/index.php?rest_route=\/wp\/v2\/product\/2144","targetHints":{"allow":["GET"]}}],"collection":[{"href":"https:\/\/kenblihair.com\/index.php?rest_route=\/wp\/v2\/product"}],"about":[{"href":"https:\/\/kenblihair.com\/index.php?rest_route=\/wp\/v2\/types\/product"}],"replies":[{"embeddable":true,"href":"https:\/\/kenblihair.com\/index.php?rest_route=%2Fwp%2Fv2%2Fcomments&post=2144"}],"wp:featuredmedia":[{"embeddable":true,"href":"https:\/\/kenblihair.com\/index.php?rest_route=\/wp\/v2\/media\/10709"}],"wp:attachment":[{"href":"https:\/\/kenblihair.com\/index.php?rest_route=%2Fwp%2Fv2%2Fmedia&parent=2144"}],"wp:term":[{"taxonomy":"product_cat","embeddable":true,"href":"https:\/\/kenblihair.com\/index.php?rest_route=%2Fwp%2Fv2%2Fproduct_cat&post=2144"},{"taxonomy":"product_tag","embeddable":true,"href":"https:\/\/kenblihair.com\/index.php?rest_route=%2Fwp%2Fv2%2Fproduct_tag&post=2144"}],"curies":[{"name":"wp","href":"https:\/\/api.w.org\/{rel}","templated":true}]}}