{"id":2191,"date":"2021-12-05T23:23:17","date_gmt":"2021-12-13T12:37:33","guid":{"rendered":"https:\/\/elsihair.com\/?product=lace-frontal-hd-13x4-loose-wave-black"},"modified":"2021-12-13T13:37:33","modified_gmt":"2021-12-13T12:37:33","slug":"lace-frontal-hd-13x4-loose-wave-black","status":"publish","type":"product","link":"https:\/\/kenblihair.com\/?product=lace-frontal-hd-13x4-loose-wave-black","title":{"rendered":"Lace Frontal HD 13&#215;4 Loose Wave Black"},"content":{"rendered":"<p>Lace Frontal HD 13&#215;4 Loose Wave Black<\/p>\n","protected":false},"excerpt":{"rendered":"<p>Lace Frontal HD 13&#215;4 Loose Wave Black<\/p>\n","protected":false},"featured_media":10732,"comment_status":"open","ping_status":"closed","template":"","meta":{"spay_email":""},"product_cat":[167],"product_tag":[168],"class_list":{"0":"post-2191","1":"product","2":"type-product","3":"status-publish","4":"has-post-thumbnail","6":"product_cat-lace-frontal-en","7":"product_tag-lace-frontal-en","8":"latest_post","10":"first","11":"instock","12":"sale","13":"taxable","14":"shipping-taxable","15":"purchasable","16":"product-type-variable","17":"has-default-attributes"},"jetpack-related-posts":[{"id":11768,"url":"https:\/\/kenblihair.com\/?product=bob-wig-black-loose-wave-with-lace-frontal-hd-13x4-100-virgin-human-hair-wig","url_meta":{"origin":2191,"position":0},"title":"Black Loose Wave Bob Wig Wig with Lace Front HD 13&#215;4 100% Virgin Human Hair","date":"19 December 2021","format":false,"excerpt":"Perruque Bob Wig Noire Loose Wave avec Lace Frontal HD 13x4 100% Virgin Human Hair","rel":"","context":"Similar post","img":{"alt_text":"","src":"","width":0,"height":0},"classes":[]},{"id":956,"url":"https:\/\/kenblihair.com\/?product=lace-frontal-hd-13x4-loose-wave-noire","url_meta":{"origin":2191,"position":1},"title":"Lace Frontal HD 13&#215;4 Loose Wave Noire","date":"5 December 2021","format":false,"excerpt":"Lace Frontal HD 13x4 Loose Wave Noire","rel":"","context":"Similar post","img":{"alt_text":"","src":"https:\/\/i0.wp.com\/kenblihair.com\/wp-content\/uploads\/2021\/12\/SWIPE-UP-1.-Lace-Frontal-HD-13\u00d74-Loose-Wave-Noire.jpeg?fit=1024%2C857&ssl=1&resize=350%2C200","width":350,"height":200},"classes":[]},{"id":2755,"url":"https:\/\/kenblihair.com\/?product=spitze-frontal-hd-13x4-lose-welle-schwarz","url_meta":{"origin":2191,"position":2},"title":"Lace Frontal HD 13&#215;4 Loose Wave Schwarz","date":"5 December 2021","format":false,"excerpt":"Lace Frontal HD 13x4 Loose Wave Schwarz","rel":"","context":"Similar post","img":{"alt_text":"","src":"https:\/\/i0.wp.com\/kenblihair.com\/wp-content\/uploads\/2021\/12\/SWIPE-UP-1.-Lace-Frontal-HD-13\u00d74-Loose-Wave-Noire.jpeg?fit=1024%2C857&ssl=1&resize=350%2C200","width":350,"height":200},"classes":[]},{"id":5665,"url":"https:\/\/kenblihair.com\/?product=perruque-bob-wig-noire-loose-wave-avec-lace-frontal-hd-13x4-100-virgin-human-hair","url_meta":{"origin":2191,"position":3},"title":"Perruque Bob Wig Noire Loose Wave avec Lace Frontal HD 13&#215;4 100% Virgin Human  Hair","date":"19 December 2021","format":false,"excerpt":"Perruque Bob Wig Noire Loose Wave avec Lace Frontal HD 13x4 100% Virgin Human Hair","rel":"","context":"Similar post","img":{"alt_text":"","src":"https:\/\/i2.wp.com\/kenblihair.com\/wp-content\/uploads\/2021\/12\/SWIPE-UP-1.-Perruque-Bob-Wig-Noire-Loose-Wave-avec-Lace-Frontal-HD-13\u00d74-100-Virgin-Human-Hair.jpeg?fit=992%2C992&ssl=1&resize=350%2C200","width":350,"height":200},"classes":[]},{"id":5660,"url":"https:\/\/kenblihair.com\/?product=perruque-bob-wig-ombre-loose-wave-avec-lace-frontal-hd-13x4-100-virgin-human-hair","url_meta":{"origin":2191,"position":4},"title":"Perruque Bob Wig Ombr\u00e9 Loose Wave avec Lace Frontal HD 13\u00d74 100% Virgin Human Hair","date":"19 December 2021","format":false,"excerpt":"Perruque Bob Wig Ombr\u00e9 Loose Wave avec Lace Frontal HD 13\u00d74 100% Virgin Human Hair","rel":"","context":"Similar post","img":{"alt_text":"","src":"https:\/\/i1.wp.com\/kenblihair.com\/wp-content\/uploads\/2021\/12\/SWIPE-UP-1.-Perruque-Bob-Wig-Ombre-Loose-Wave-avec-Lace-Frontal-HD-13\u00d74-100-Virgin-Human-Hair.jpeg?fit=995%2C995&ssl=1&resize=350%2C200","width":350,"height":200},"classes":[]},{"id":2496,"url":"https:\/\/kenblihair.com\/?product=lace-frontal-hd-13x4-water-wave-black","url_meta":{"origin":2191,"position":5},"title":"Lace Frontal HD 13&#215;4 Water Wave Black","date":"5 December 2021","format":false,"excerpt":"Lace Frontal HD 13x4 Water Wave Black","rel":"","context":"Similar post","img":{"alt_text":"","src":"https:\/\/i2.wp.com\/kenblihair.com\/wp-content\/uploads\/2021\/12\/SWIPE-UP-1.-Lace-Frontal-HD-13\u00d74-Water-Wave-Noire-1.jpeg?fit=1024%2C1006&ssl=1&resize=350%2C200","width":350,"height":200},"classes":[]}],"_links":{"self":[{"href":"https:\/\/kenblihair.com\/index.php?rest_route=\/wp\/v2\/product\/2191","targetHints":{"allow":["GET"]}}],"collection":[{"href":"https:\/\/kenblihair.com\/index.php?rest_route=\/wp\/v2\/product"}],"about":[{"href":"https:\/\/kenblihair.com\/index.php?rest_route=\/wp\/v2\/types\/product"}],"replies":[{"embeddable":true,"href":"https:\/\/kenblihair.com\/index.php?rest_route=%2Fwp%2Fv2%2Fcomments&post=2191"}],"wp:featuredmedia":[{"embeddable":true,"href":"https:\/\/kenblihair.com\/index.php?rest_route=\/wp\/v2\/media\/10732"}],"wp:attachment":[{"href":"https:\/\/kenblihair.com\/index.php?rest_route=%2Fwp%2Fv2%2Fmedia&parent=2191"}],"wp:term":[{"taxonomy":"product_cat","embeddable":true,"href":"https:\/\/kenblihair.com\/index.php?rest_route=%2Fwp%2Fv2%2Fproduct_cat&post=2191"},{"taxonomy":"product_tag","embeddable":true,"href":"https:\/\/kenblihair.com\/index.php?rest_route=%2Fwp%2Fv2%2Fproduct_tag&post=2191"}],"curies":[{"name":"wp","href":"https:\/\/api.w.org\/{rel}","templated":true}]}}