{"id":2256,"date":"2021-12-10T01:02:28","date_gmt":"2021-12-13T12:37:43","guid":{"rendered":"https:\/\/elsihair.com\/?product=kinky-curly-black-weaves-3-balls-100-reines-echthaar"},"modified":"2022-01-11T03:28:24","modified_gmt":"2022-01-11T02:28:24","slug":"webt-kinky-curly-black-3-balls-100-virgin-human-hair","status":"publish","type":"product","link":"https:\/\/kenblihair.com\/?product=webt-kinky-curly-black-3-balls-100-virgin-human-hair","title":{"rendered":"Kinky Curly Black Weaves 3 Balls 100% reines Echthaar"},"content":{"rendered":"<p>Kinky Curly Black Weaves 3 Balls 100% reines Echthaar<\/p>\n","protected":false},"excerpt":{"rendered":"<p>Kinky Curly Black Weaves 3 Balls 100% reines Echthaar<\/p>\n","protected":false},"featured_media":10625,"comment_status":"open","ping_status":"closed","template":"","meta":{"spay_email":""},"product_cat":[161],"product_tag":[162],"class_list":{"0":"post-2256","1":"product","2":"type-product","3":"status-publish","4":"has-post-thumbnail","6":"product_cat-weberei","7":"product_tag-weberei","8":"latest_post","10":"first","11":"instock","12":"sale","13":"taxable","14":"shipping-taxable","15":"purchasable","16":"product-type-variable","17":"has-default-attributes"},"jetpack-related-posts":[{"id":8202,"url":"https:\/\/kenblihair.com\/?product=weben-kinky-curly-brown-ombre-3-balls-100-virgin-human-hair","url_meta":{"origin":2256,"position":0},"title":"KINKY CURLY OMBRE BRAUN WEAVING 3 B\u00c4LLE 100% reines MENSCHHAAR","date":"25 December 2021","format":false,"excerpt":"Kinky Curly Brown Ombr\u00e9 Webt 3 Kn\u00e4uel 100 % reines Echthaar","rel":"","context":"Similar post","img":{"alt_text":"","src":"https:\/\/i0.wp.com\/kenblihair.com\/wp-content\/uploads\/2021\/12\/SWIPE-UP-1.-Tissage-Kinky-Curly-Brun-Ombre-3-boules-100-Virgin-Human-Hair.jpeg?fit=993%2C993&ssl=1&resize=350%2C200","width":350,"height":200},"classes":[]},{"id":2294,"url":"https:\/\/kenblihair.com\/?product=webt-kinky-curly-99j-3-balls-100-virgin-human-hair","url_meta":{"origin":2256,"position":1},"title":"Webt Kinky Curly 99j 3 Kn\u00e4uel 100% reines Echthaar","date":"10 December 2021","format":false,"excerpt":"Webt Kinky Curly 99j 3 Kn\u00e4uel 100% reines Echthaar","rel":"","context":"Similar post","img":{"alt_text":"","src":"https:\/\/i1.wp.com\/kenblihair.com\/wp-content\/uploads\/2021\/12\/SWIPE-UP-2.-Tissages-Kinky-Curly-99j-3-boules-100-Virgin-Human-Hair.jpeg?fit=1003%2C1003&ssl=1&resize=350%2C200","width":350,"height":200},"classes":[]},{"id":2382,"url":"https:\/\/kenblihair.com\/?product=webt-kinky-straight-black-3-balls-100-virgin-human-hair","url_meta":{"origin":2256,"position":2},"title":"Kinky Straight Black Weaves 3 Kn\u00e4uel 100 % reines Echthaar","date":"10 December 2021","format":false,"excerpt":"Kinky Straight Black Weaves 3 Kn\u00e4uel 100 % reines Echthaar","rel":"","context":"Similar post","img":{"alt_text":"","src":"https:\/\/i2.wp.com\/kenblihair.com\/wp-content\/uploads\/2021\/12\/SWIPE-UP-1.-Tissages-Kinky-Straight-Noire-3-boules-100-Virgin-Human-Hair.jpeg?fit=1024%2C1003&ssl=1&resize=350%2C200","width":350,"height":200},"classes":[]},{"id":4096,"url":"https:\/\/kenblihair.com\/?product=bob-perucke-kinky-curly-schwarz-perucke-mit-spitze-frontal-hd-13x4-100-virgin-echthaar","url_meta":{"origin":2256,"position":3},"title":"Bob Per\u00fccke Kinky Curly Black Per\u00fccke mit Lace Front HD 13&#215;4 100% reines Echthaar","date":"16 December 2021","format":false,"excerpt":"Bob Per\u00fccke Kinky Curly Black Per\u00fccke mit Lace Front HD 13x4 100% reines Echthaar","rel":"","context":"Similar post","img":{"alt_text":"","src":"https:\/\/i2.wp.com\/kenblihair.com\/wp-content\/uploads\/2021\/12\/SWIPE-UP-1.-Perruque-Bob-Wig-Kinky-Curly-Noire-avec-Lace-Frontal-HD-13\u00d74-100-Virgin-Human-Hair.jpeg?fit=999%2C999&ssl=1&resize=350%2C200","width":350,"height":200},"classes":[]},{"id":2429,"url":"https:\/\/kenblihair.com\/?product=weaves-kinky-curly-black-3-balls-100-virgin-human-hair","url_meta":{"origin":2256,"position":4},"title":"Kinky Curly Black Weaves 3 Balls 100% Virgin Human Hair","date":"10 December 2021","format":false,"excerpt":"Kinky Curly Black Weaves 3 Balls 100% Virgin Human Hair","rel":"","context":"Similar post","img":{"alt_text":"","src":"https:\/\/i0.wp.com\/kenblihair.com\/wp-content\/uploads\/2021\/12\/SWIPE-UP-1.-Tissages-Kinky-Curly-Noire-3-boules-100-Virgin-Human-Hair.jpeg?fit=1024%2C1000&ssl=1&resize=350%2C200","width":350,"height":200},"classes":[]},{"id":5369,"url":"https:\/\/kenblihair.com\/?product=schwarze-kinky-locke-perucke-mit-verschluss-4x4-100-jungfrau-echthaar","url_meta":{"origin":2256,"position":5},"title":"Schwarze Kinky Curly Per\u00fccke mit 4&#215;4 Verschluss 100 % reines Echthaar","date":"18 December 2021","format":false,"excerpt":"Schwarze Kinky Curly Per\u00fccke mit 4x4 Verschluss 100 % reines Echthaar","rel":"","context":"Similar post","img":{"alt_text":"","src":"https:\/\/i0.wp.com\/kenblihair.com\/wp-content\/uploads\/2021\/12\/Perruque-Noire-Kinky-Curly-avec-Closure-4\u00d74-100-Virgin-Human-Hair.jpeg?fit=768%2C768&ssl=1&resize=350%2C200","width":350,"height":200},"classes":[]}],"_links":{"self":[{"href":"https:\/\/kenblihair.com\/index.php?rest_route=\/wp\/v2\/product\/2256","targetHints":{"allow":["GET"]}}],"collection":[{"href":"https:\/\/kenblihair.com\/index.php?rest_route=\/wp\/v2\/product"}],"about":[{"href":"https:\/\/kenblihair.com\/index.php?rest_route=\/wp\/v2\/types\/product"}],"replies":[{"embeddable":true,"href":"https:\/\/kenblihair.com\/index.php?rest_route=%2Fwp%2Fv2%2Fcomments&post=2256"}],"wp:featuredmedia":[{"embeddable":true,"href":"https:\/\/kenblihair.com\/index.php?rest_route=\/wp\/v2\/media\/10625"}],"wp:attachment":[{"href":"https:\/\/kenblihair.com\/index.php?rest_route=%2Fwp%2Fv2%2Fmedia&parent=2256"}],"wp:term":[{"taxonomy":"product_cat","embeddable":true,"href":"https:\/\/kenblihair.com\/index.php?rest_route=%2Fwp%2Fv2%2Fproduct_cat&post=2256"},{"taxonomy":"product_tag","embeddable":true,"href":"https:\/\/kenblihair.com\/index.php?rest_route=%2Fwp%2Fv2%2Fproduct_tag&post=2256"}],"curies":[{"name":"wp","href":"https:\/\/api.w.org\/{rel}","templated":true}]}}