{"id":2294,"date":"2021-12-10T01:27:01","date_gmt":"2021-12-13T12:37:47","guid":{"rendered":"https:\/\/elsihair.com\/?product=webt-kinky-curly-99j-3-knaeuel-100-reines-echthaar"},"modified":"2021-12-17T08:43:32","modified_gmt":"2021-12-17T07:43:32","slug":"webt-kinky-curly-99j-3-balls-100-virgin-human-hair","status":"publish","type":"product","link":"https:\/\/kenblihair.com\/?product=webt-kinky-curly-99j-3-balls-100-virgin-human-hair","title":{"rendered":"Webt Kinky Curly 99j 3 Kn\u00e4uel 100% reines Echthaar"},"content":{"rendered":"<p>Webt Kinky Curly 99j 3 Kn\u00e4uel 100% reines Echthaar<\/p>\n","protected":false},"excerpt":{"rendered":"<p>Webt Kinky Curly 99j 3 Kn\u00e4uel 100% reines Echthaar<\/p>\n","protected":false},"featured_media":10610,"comment_status":"open","ping_status":"closed","template":"","meta":{"spay_email":""},"product_cat":[161],"product_tag":[316],"class_list":{"0":"post-2294","1":"product","2":"type-product","3":"status-publish","4":"has-post-thumbnail","6":"product_cat-weberei","7":"product_tag-weben-99j","8":"latest_post","10":"first","11":"instock","12":"sale","13":"taxable","14":"shipping-taxable","15":"purchasable","16":"product-type-variable","17":"has-default-attributes"},"jetpack-related-posts":[{"id":8202,"url":"https:\/\/kenblihair.com\/?product=weben-kinky-curly-brown-ombre-3-balls-100-virgin-human-hair","url_meta":{"origin":2294,"position":0},"title":"KINKY CURLY OMBRE BRAUN WEAVING 3 B\u00c4LLE 100% reines MENSCHHAAR","date":"25 December 2021","format":false,"excerpt":"Kinky Curly Brown Ombr\u00e9 Webt 3 Kn\u00e4uel 100 % reines Echthaar","rel":"","context":"Similar post","img":{"alt_text":"","src":"https:\/\/i0.wp.com\/kenblihair.com\/wp-content\/uploads\/2021\/12\/SWIPE-UP-1.-Tissage-Kinky-Curly-Brun-Ombre-3-boules-100-Virgin-Human-Hair.jpeg?fit=993%2C993&ssl=1&resize=350%2C200","width":350,"height":200},"classes":[]},{"id":2382,"url":"https:\/\/kenblihair.com\/?product=webt-kinky-straight-black-3-balls-100-virgin-human-hair","url_meta":{"origin":2294,"position":1},"title":"Kinky Straight Black Weaves 3 Kn\u00e4uel 100 % reines Echthaar","date":"10 December 2021","format":false,"excerpt":"Kinky Straight Black Weaves 3 Kn\u00e4uel 100 % reines Echthaar","rel":"","context":"Similar post","img":{"alt_text":"","src":"https:\/\/i2.wp.com\/kenblihair.com\/wp-content\/uploads\/2021\/12\/SWIPE-UP-1.-Tissages-Kinky-Straight-Noire-3-boules-100-Virgin-Human-Hair.jpeg?fit=1024%2C1003&ssl=1&resize=350%2C200","width":350,"height":200},"classes":[]},{"id":3833,"url":"https:\/\/kenblihair.com\/?product=perucke-99j-kinky-curly-mit-verschluss-hd-5x5-100-jungfrau-echthaar","url_meta":{"origin":2294,"position":2},"title":"Per\u00fccke 99j Kinky Curly mit Verschluss HD 5&#215;5 100% reines Echthaar","date":"15 December 2021","format":false,"excerpt":"Per\u00fccke 99j Kinky Curly mit Verschluss HD 5x5 100% reines Echthaar","rel":"","context":"Similar post","img":{"alt_text":"","src":"https:\/\/i0.wp.com\/kenblihair.com\/wp-content\/uploads\/2021\/12\/SWIPE-UP-1.-Perruque-99j-Kinky-Curly-avec-Closure-HD-5\u00d75-100-Virgin-Human-Hair.jpeg?fit=995%2C995&ssl=1&resize=350%2C200","width":350,"height":200},"classes":[]},{"id":2256,"url":"https:\/\/kenblihair.com\/?product=webt-kinky-curly-black-3-balls-100-virgin-human-hair","url_meta":{"origin":2294,"position":3},"title":"Kinky Curly Black Weaves 3 Balls 100% reines Echthaar","date":"10 December 2021","format":false,"excerpt":"Kinky Curly Black Weaves 3 Balls 100% reines Echthaar","rel":"","context":"Similar post","img":{"alt_text":"","src":"https:\/\/i0.wp.com\/kenblihair.com\/wp-content\/uploads\/2021\/12\/SWIPE-UP-1.-Tissages-Kinky-Curly-Noire-3-boules-100-Virgin-Human-Hair.jpeg?fit=1024%2C1000&ssl=1&resize=350%2C200","width":350,"height":200},"classes":[]},{"id":2252,"url":"https:\/\/kenblihair.com\/?product=webt-lose-welle-schwarz-3-kugeln-100-virgin-echthaar","url_meta":{"origin":2294,"position":4},"title":"Webt Loose Wave Schwarz 3 Kn\u00e4uel 100% reines Echthaar","date":"10 December 2021","format":false,"excerpt":"Webt Loose Wave Schwarz 3 Kn\u00e4uel 100% reines Echthaar","rel":"","context":"Similar post","img":{"alt_text":"","src":"https:\/\/i1.wp.com\/kenblihair.com\/wp-content\/uploads\/2021\/12\/SWIPE-UP-1.-Tissages-Loose-Wave-Noire-3-boules-100-Virgin-Human-Hair.jpeg?fit=750%2C750&ssl=1&resize=350%2C200","width":350,"height":200},"classes":[]},{"id":2882,"url":"https:\/\/kenblihair.com\/?product=webt-body-wave-black-3-balls-100-virgin-human-hair","url_meta":{"origin":2294,"position":5},"title":"Body Wave Black Webt 3 Kn\u00e4uel 100 % reines Echthaar","date":"9 December 2021","format":false,"excerpt":"Body Wave Black Webt 3 Kn\u00e4uel 100 % reines Echthaar","rel":"","context":"Similar post","img":{"alt_text":"","src":"https:\/\/i0.wp.com\/kenblihair.com\/wp-content\/uploads\/2021\/12\/SWIPE-UP-1.-Tissages-Body-Wave-Noire-3-boules-100-Virgin-Human-Hair.jpeg?fit=750%2C750&ssl=1&resize=350%2C200","width":350,"height":200},"classes":[]}],"_links":{"self":[{"href":"https:\/\/kenblihair.com\/index.php?rest_route=\/wp\/v2\/product\/2294","targetHints":{"allow":["GET"]}}],"collection":[{"href":"https:\/\/kenblihair.com\/index.php?rest_route=\/wp\/v2\/product"}],"about":[{"href":"https:\/\/kenblihair.com\/index.php?rest_route=\/wp\/v2\/types\/product"}],"replies":[{"embeddable":true,"href":"https:\/\/kenblihair.com\/index.php?rest_route=%2Fwp%2Fv2%2Fcomments&post=2294"}],"wp:featuredmedia":[{"embeddable":true,"href":"https:\/\/kenblihair.com\/index.php?rest_route=\/wp\/v2\/media\/10610"}],"wp:attachment":[{"href":"https:\/\/kenblihair.com\/index.php?rest_route=%2Fwp%2Fv2%2Fmedia&parent=2294"}],"wp:term":[{"taxonomy":"product_cat","embeddable":true,"href":"https:\/\/kenblihair.com\/index.php?rest_route=%2Fwp%2Fv2%2Fproduct_cat&post=2294"},{"taxonomy":"product_tag","embeddable":true,"href":"https:\/\/kenblihair.com\/index.php?rest_route=%2Fwp%2Fv2%2Fproduct_tag&post=2294"}],"curies":[{"name":"wp","href":"https:\/\/api.w.org\/{rel}","templated":true}]}}