{"id":2429,"date":"2021-12-10T01:02:28","date_gmt":"2021-12-13T12:37:59","guid":{"rendered":"https:\/\/elsihair.com\/?product=kinky-curly-black-weaves-3-balls-100-virgin-human-hair"},"modified":"2022-01-11T03:28:25","modified_gmt":"2022-01-11T02:28:25","slug":"weaves-kinky-curly-black-3-balls-100-virgin-human-hair","status":"publish","type":"product","link":"https:\/\/kenblihair.com\/?product=weaves-kinky-curly-black-3-balls-100-virgin-human-hair","title":{"rendered":"Kinky Curly Black Weaves 3 Balls 100% Virgin Human Hair"},"content":{"rendered":"<p>Kinky Curly Black Weaves 3 Balls 100% Virgin Human Hair<\/p>\n","protected":false},"excerpt":{"rendered":"<p>Kinky Curly Black Weaves 3 Balls 100% Virgin Human Hair<\/p>\n","protected":false},"featured_media":10624,"comment_status":"open","ping_status":"closed","template":"","meta":{"spay_email":""},"product_cat":[134],"product_tag":[135],"class_list":{"0":"post-2429","1":"product","2":"type-product","3":"status-publish","4":"has-post-thumbnail","6":"product_cat-weaving","7":"product_tag-weaving","8":"latest_post","10":"first","11":"instock","12":"sale","13":"taxable","14":"shipping-taxable","15":"purchasable","16":"product-type-variable","17":"has-default-attributes"},"jetpack-related-posts":[{"id":2329,"url":"https:\/\/kenblihair.com\/?product=weaves-kinky-curly-99j-3-balls-100-virgin-human-hair","url_meta":{"origin":2429,"position":0},"title":"Weaves Kinky Curly 99j 3 balls 100% Virgin Human Hair","date":"10 December 2021","format":false,"excerpt":"Weaves Kinky Curly 99j 3 balls 100% Virgin Human Hair","rel":"","context":"Similar post","img":{"alt_text":"","src":"https:\/\/i1.wp.com\/kenblihair.com\/wp-content\/uploads\/2021\/12\/SWIPE-UP-2.-Tissages-Kinky-Curly-99j-3-boules-100-Virgin-Human-Hair.jpeg?fit=1003%2C1003&ssl=1&resize=350%2C200","width":350,"height":200},"classes":[]},{"id":8185,"url":"https:\/\/kenblihair.com\/?product=weaving-kinky-curly-brown-ombre-3-balls-100-virgin-human-hair","url_meta":{"origin":2429,"position":1},"title":"KINKY CURLY OMBRE BROWN WEAVING 3 BALLS 100% VIRGIN HUMAN HAIR","date":"25 December 2021","format":false,"excerpt":"Kinky Curly Brown Ombr\u00e9 Weaves 3 Balls 100% Virgin Human Hair","rel":"","context":"Similar post","img":{"alt_text":"","src":"https:\/\/i0.wp.com\/kenblihair.com\/wp-content\/uploads\/2021\/12\/SWIPE-UP-1.-Tissage-Kinky-Curly-Brun-Ombre-3-boules-100-Virgin-Human-Hair.jpeg?fit=993%2C993&ssl=1&resize=350%2C200","width":350,"height":200},"classes":[]},{"id":2256,"url":"https:\/\/kenblihair.com\/?product=webt-kinky-curly-black-3-balls-100-virgin-human-hair","url_meta":{"origin":2429,"position":2},"title":"Kinky Curly Black Weaves 3 Balls 100% reines Echthaar","date":"10 December 2021","format":false,"excerpt":"Kinky Curly Black Weaves 3 Balls 100% reines Echthaar","rel":"","context":"Similar post","img":{"alt_text":"","src":"https:\/\/i0.wp.com\/kenblihair.com\/wp-content\/uploads\/2021\/12\/SWIPE-UP-1.-Tissages-Kinky-Curly-Noire-3-boules-100-Virgin-Human-Hair.jpeg?fit=1024%2C1000&ssl=1&resize=350%2C200","width":350,"height":200},"classes":[]},{"id":8202,"url":"https:\/\/kenblihair.com\/?product=weben-kinky-curly-brown-ombre-3-balls-100-virgin-human-hair","url_meta":{"origin":2429,"position":3},"title":"KINKY CURLY OMBRE BRAUN WEAVING 3 B\u00c4LLE 100% reines MENSCHHAAR","date":"25 December 2021","format":false,"excerpt":"Kinky Curly Brown Ombr\u00e9 Webt 3 Kn\u00e4uel 100 % reines Echthaar","rel":"","context":"Similar post","img":{"alt_text":"","src":"https:\/\/i0.wp.com\/kenblihair.com\/wp-content\/uploads\/2021\/12\/SWIPE-UP-1.-Tissage-Kinky-Curly-Brun-Ombre-3-boules-100-Virgin-Human-Hair.jpeg?fit=993%2C993&ssl=1&resize=350%2C200","width":350,"height":200},"classes":[]},{"id":2609,"url":"https:\/\/kenblihair.com\/?product=weaves-kinky-straight-black-3-balls-100-virgin-human-hair","url_meta":{"origin":2429,"position":4},"title":"Kinky Straight Black Weaves 3 Balls 100% Virgin Human Hair","date":"10 December 2021","format":false,"excerpt":"Kinky Straight Black Weaves 3 Balls 100% Virgin Human Hair","rel":"","context":"Similar post","img":{"alt_text":"","src":"https:\/\/i2.wp.com\/kenblihair.com\/wp-content\/uploads\/2021\/12\/SWIPE-UP-1.-Tissages-Kinky-Straight-Noire-3-boules-100-Virgin-Human-Hair.jpeg?fit=1024%2C1003&ssl=1&resize=350%2C200","width":350,"height":200},"classes":[]},{"id":5368,"url":"https:\/\/kenblihair.com\/?product=black-kinky-curly-wig-with-closure-4x4-100-virgin-human-hair","url_meta":{"origin":2429,"position":5},"title":"Black Kinky Curly Wig with 4&#215;4 Closure 100% Virgin Human Hair","date":"18 December 2021","format":false,"excerpt":"Black Kinky Curly Wig with 4x4 Closure 100% Virgin Human Hair","rel":"","context":"Similar post","img":{"alt_text":"","src":"https:\/\/i0.wp.com\/kenblihair.com\/wp-content\/uploads\/2021\/12\/Perruque-Noire-Kinky-Curly-avec-Closure-4\u00d74-100-Virgin-Human-Hair.jpeg?fit=768%2C768&ssl=1&resize=350%2C200","width":350,"height":200},"classes":[]}],"_links":{"self":[{"href":"https:\/\/kenblihair.com\/index.php?rest_route=\/wp\/v2\/product\/2429","targetHints":{"allow":["GET"]}}],"collection":[{"href":"https:\/\/kenblihair.com\/index.php?rest_route=\/wp\/v2\/product"}],"about":[{"href":"https:\/\/kenblihair.com\/index.php?rest_route=\/wp\/v2\/types\/product"}],"replies":[{"embeddable":true,"href":"https:\/\/kenblihair.com\/index.php?rest_route=%2Fwp%2Fv2%2Fcomments&post=2429"}],"wp:featuredmedia":[{"embeddable":true,"href":"https:\/\/kenblihair.com\/index.php?rest_route=\/wp\/v2\/media\/10624"}],"wp:attachment":[{"href":"https:\/\/kenblihair.com\/index.php?rest_route=%2Fwp%2Fv2%2Fmedia&parent=2429"}],"wp:term":[{"taxonomy":"product_cat","embeddable":true,"href":"https:\/\/kenblihair.com\/index.php?rest_route=%2Fwp%2Fv2%2Fproduct_cat&post=2429"},{"taxonomy":"product_tag","embeddable":true,"href":"https:\/\/kenblihair.com\/index.php?rest_route=%2Fwp%2Fv2%2Fproduct_tag&post=2429"}],"curies":[{"name":"wp","href":"https:\/\/api.w.org\/{rel}","templated":true}]}}