{"id":2637,"date":"2021-11-29T00:31:29","date_gmt":"2021-12-13T12:41:13","guid":{"rendered":"https:\/\/elsihair.com\/?product=beheizter-kamm"},"modified":"2021-12-13T13:41:13","modified_gmt":"2021-12-13T12:41:13","slug":"beheizter-kamm","status":"publish","type":"product","link":"https:\/\/kenblihair.com\/?product=beheizter-kamm","title":{"rendered":"BEHEIZTER KAMM"},"content":{"rendered":"<p>HEIZKAMM2<\/p>\n","protected":false},"excerpt":{"rendered":"<p><strong>FARBEN:<\/strong><\/p>\n<ul>\n<li>Schwarzes Gold<\/li>\n<li>Schwarz<\/li>\n<li>Regenbogen<\/li>\n<\/ul>\n","protected":false},"featured_media":11012,"comment_status":"open","ping_status":"closed","template":"","meta":{"spay_email":""},"product_cat":[187],"product_tag":[],"class_list":{"0":"post-2637","1":"product","2":"type-product","3":"status-publish","4":"has-post-thumbnail","6":"product_cat-zubehor","7":"latest_post","9":"first","10":"instock","11":"taxable","12":"shipping-taxable","13":"purchasable","14":"product-type-variable","15":"has-default-attributes"},"jetpack-related-posts":[{"id":2647,"url":"https:\/\/kenblihair.com\/?product=kamm-ein-schwanz","url_meta":{"origin":2637,"position":0},"title":"SCHWANZKAMM","date":"5 December 2021","format":false,"excerpt":"SCHWANZKAMM FARBEN: Schwarz Blau Gelb Rosa Violett Orange","rel":"","context":"Similar post","img":{"alt_text":"","src":"https:\/\/i0.wp.com\/kenblihair.com\/wp-content\/uploads\/2021\/12\/SWIPE-UP-1.-Peigne-a-Queue.jpeg?fit=1024%2C999&ssl=1&resize=350%2C200","width":350,"height":200},"classes":[]},{"id":2950,"url":"https:\/\/kenblihair.com\/?product=kamm-fur-afro-haar","url_meta":{"origin":2637,"position":1},"title":"AFRO HAARKAMM","date":"29 November 2021","format":false,"excerpt":"FARBEN Orange Gr\u00fcn Violett Blau Schwarz","rel":"","context":"Similar post","img":{"alt_text":"","src":"https:\/\/i0.wp.com\/kenblihair.com\/wp-content\/uploads\/2021\/11\/Peigne-pour-Cheveux-AFRO1.jpeg?fit=1024%2C974&ssl=1&resize=350%2C200","width":350,"height":200},"classes":[]},{"id":2540,"url":"https:\/\/kenblihair.com\/?product=haarspangen-set","url_meta":{"origin":2637,"position":2},"title":"HAARCLIP-SET","date":"29 November 2021","format":false,"excerpt":"Farben auf Lager Gold Schwarz Rosa Violett","rel":"","context":"Similar post","img":{"alt_text":"","src":"https:\/\/i1.wp.com\/kenblihair.com\/wp-content\/uploads\/2021\/11\/SWIPE-UP-1.-Kit-de-Pinces-a-Cheveux.jpeg?fit=1024%2C891&ssl=1&resize=350%2C200","width":350,"height":200},"classes":[]},{"id":2649,"url":"https:\/\/kenblihair.com\/?product=perueckenkappe","url_meta":{"origin":2637,"position":3},"title":"KAPPE F\u00dcR PER\u00dcCKENHERSTELLUNG","date":"29 November 2021","format":false,"excerpt":"Farben auf Lager Schwarze Kuppelkappe Schwarze Mesh-Kappe","rel":"","context":"Similar post","img":{"alt_text":"","src":"https:\/\/i2.wp.com\/kenblihair.com\/wp-content\/uploads\/2021\/11\/SWIPE-UP-1.-Bonnet-pour-confection-de-Perruque.jpeg?fit=1024%2C990&ssl=1&resize=350%2C200","width":350,"height":200},"classes":[]},{"id":2733,"url":"https:\/\/kenblihair.com\/?product=groser-zahn-kamm","url_meta":{"origin":2637,"position":4},"title":"GRO\u00dfER ZAHNKAMM","date":"29 November 2021","format":false,"excerpt":"GRO\u00dfER ZAHNKAMM FARBEN: Schwarz Blau Orange","rel":"","context":"Similar post","img":{"alt_text":"","src":"https:\/\/i0.wp.com\/kenblihair.com\/wp-content\/uploads\/2021\/11\/Gros-Peigne-a-Dent.jpeg?fit=1024%2C977&ssl=1&resize=350%2C200","width":350,"height":200},"classes":[]},{"id":2582,"url":"https:\/\/kenblihair.com\/?product=anti-rutsch-stirnband-fur-perucke","url_meta":{"origin":2637,"position":5},"title":"Antirutsch-Stirnband f\u00fcr Per\u00fccke","date":"5 December 2021","format":false,"excerpt":"Benutzen: Das Per\u00fcckenstirnband hat innen zwei Seiten, die kurze in Tropfenform innen, nah an deiner Kopfhaut, die Au\u00dfenseite ist nah an der Per\u00fccke. Bitte tragen Sie es gem\u00e4\u00df diesen Anweisungen. Farben auf Lager Rosa Beige Hellbraun Braun Wei\u00df Schwarz","rel":"","context":"Similar post","img":{"alt_text":"","src":"https:\/\/i0.wp.com\/kenblihair.com\/wp-content\/uploads\/2021\/12\/SWIPE-UP-1.-Bandeau-antiderapant-pour-Perruque.jpeg?fit=543%2C1024&ssl=1&resize=350%2C200","width":350,"height":200},"classes":[]}],"_links":{"self":[{"href":"https:\/\/kenblihair.com\/index.php?rest_route=\/wp\/v2\/product\/2637","targetHints":{"allow":["GET"]}}],"collection":[{"href":"https:\/\/kenblihair.com\/index.php?rest_route=\/wp\/v2\/product"}],"about":[{"href":"https:\/\/kenblihair.com\/index.php?rest_route=\/wp\/v2\/types\/product"}],"replies":[{"embeddable":true,"href":"https:\/\/kenblihair.com\/index.php?rest_route=%2Fwp%2Fv2%2Fcomments&post=2637"}],"wp:featuredmedia":[{"embeddable":true,"href":"https:\/\/kenblihair.com\/index.php?rest_route=\/wp\/v2\/media\/11012"}],"wp:attachment":[{"href":"https:\/\/kenblihair.com\/index.php?rest_route=%2Fwp%2Fv2%2Fmedia&parent=2637"}],"wp:term":[{"taxonomy":"product_cat","embeddable":true,"href":"https:\/\/kenblihair.com\/index.php?rest_route=%2Fwp%2Fv2%2Fproduct_cat&post=2637"},{"taxonomy":"product_tag","embeddable":true,"href":"https:\/\/kenblihair.com\/index.php?rest_route=%2Fwp%2Fv2%2Fproduct_tag&post=2637"}],"curies":[{"name":"wp","href":"https:\/\/api.w.org\/{rel}","templated":true}]}}