{"id":2747,"date":"2021-12-02T00:32:21","date_gmt":"2021-12-13T12:41:18","guid":{"rendered":"https:\/\/elsihair.com\/?product=verschluss-hd-5x5-body-wave-blond-ombre"},"modified":"2021-12-13T13:41:18","modified_gmt":"2021-12-13T12:41:18","slug":"verschluss-hd-5x5-body-wave-blond-ombre","status":"publish","type":"product","link":"https:\/\/kenblihair.com\/?product=verschluss-hd-5x5-body-wave-blond-ombre","title":{"rendered":"Verschluss HD 5&#215;5 Body Wave Blond Ombr\u00e9"},"content":{"rendered":"<p>Verschluss HD 5&#215;5 Body Wave Blond Ombr\u00e9<\/p>\n","protected":false},"excerpt":{"rendered":"<p>Verschluss HD 5&#215;5 Body Wave Blond Ombr\u00e9<\/p>\n","protected":false},"featured_media":10845,"comment_status":"open","ping_status":"closed","template":"","meta":{"spay_email":""},"product_cat":[356],"product_tag":[],"class_list":{"0":"post-2747","1":"product","2":"type-product","3":"status-publish","4":"has-post-thumbnail","6":"product_cat-verschlusse","7":"latest_post","9":"first","10":"instock","11":"sale","12":"taxable","13":"shipping-taxable","14":"purchasable","15":"product-type-variable","16":"has-default-attributes"},"jetpack-related-posts":[{"id":2813,"url":"https:\/\/kenblihair.com\/?product=verschluss-hd-5x5-body-wave-blond-613","url_meta":{"origin":2747,"position":0},"title":"Verschluss HD 5&#215;5 Body Wave Blond 613","date":"2 December 2021","format":false,"excerpt":"Verschluss HD 5x5 Body Wave Blond 613","rel":"","context":"Similar post","img":{"alt_text":"","src":"https:\/\/i0.wp.com\/kenblihair.com\/wp-content\/uploads\/2021\/12\/SWIPE-UP-1.-Closure-HD-5\u00d75-Body-Wave-Blond-613.jpeg?fit=1024%2C990&ssl=1&resize=350%2C200","width":350,"height":200},"classes":[]},{"id":806,"url":"https:\/\/kenblihair.com\/?product=closure-hd-5x5-body-wave-blond-ombre","url_meta":{"origin":2747,"position":1},"title":"Closure HD 5&#215;5 Body Wave Blond Ombr\u00e9","date":"2 December 2021","format":false,"excerpt":"Closure HD 5x5 Body Wave Blond Ombr\u00e9","rel":"","context":"Similar post","img":{"alt_text":"","src":"https:\/\/i1.wp.com\/kenblihair.com\/wp-content\/uploads\/2021\/12\/SWIPE-UP-1.-Closure-HD-5\u00d75-Body-Wave-Blond-Ombre.jpeg?fit=1024%2C1008&ssl=1&resize=350%2C200","width":350,"height":200},"classes":[]},{"id":2432,"url":"https:\/\/kenblihair.com\/?product=verschluss-hd-5x5-body-wave-blond-1b-613-2","url_meta":{"origin":2747,"position":2},"title":"Verschluss HD 5&#215;5 Body Wave Blond 1b \/ 613","date":"2 December 2021","format":false,"excerpt":"Verschluss HD 5x5 Body Wave Blond 1b \/ 613","rel":"","context":"Similar post","img":{"alt_text":"","src":"https:\/\/i2.wp.com\/kenblihair.com\/wp-content\/uploads\/2021\/12\/SWIPE-UP-1.-Lace-Frontal-HD-13\u00d74-Lisse-Blond-1b-613.jpeg?fit=871%2C1024&ssl=1&resize=350%2C200","width":350,"height":200},"classes":[]},{"id":2681,"url":"https:\/\/kenblihair.com\/?product=closure-hd-5x5-body-wave-blond-ombre","url_meta":{"origin":2747,"position":3},"title":"Closure HD 5&#215;5 Body Wave Blond Ombr\u00e9","date":"2 December 2021","format":false,"excerpt":"Closure HD 5x5 Body Wave Blond Ombr\u00e9","rel":"","context":"Similar post","img":{"alt_text":"","src":"https:\/\/i1.wp.com\/kenblihair.com\/wp-content\/uploads\/2021\/12\/SWIPE-UP-1.-Closure-HD-5\u00d75-Body-Wave-Blond-Ombre.jpeg?fit=1024%2C1008&ssl=1&resize=350%2C200","width":350,"height":200},"classes":[]},{"id":2856,"url":"https:\/\/kenblihair.com\/?product=verschluss-hd-5x5-body-wave-schwarz","url_meta":{"origin":2747,"position":4},"title":"Verschluss HD 5&#215;5 Body Wave Schwarz","date":"30 November 2021","format":false,"excerpt":"Verschluss HD 5x5 Body Wave Schwarz","rel":"","context":"Similar post","img":{"alt_text":"","src":"https:\/\/i0.wp.com\/kenblihair.com\/wp-content\/uploads\/2021\/11\/Closure-HD-5\u00d75-Body-Wave-Noire.jpeg?fit=1024%2C1001&ssl=1&resize=350%2C200","width":350,"height":200},"classes":[]},{"id":6907,"url":"https:\/\/kenblihair.com\/?product=bob-perucke-body-wave-schwarz-perucke-mit-verschluss-hd-5x5-100-virgin-echthaar","url_meta":{"origin":2747,"position":5},"title":"Bob Per\u00fccke Body Wave Schwarze Per\u00fccke mit HD 5&#215;5 Verschluss 100% reines Echthaar","date":"19 December 2021","format":false,"excerpt":"Bob Per\u00fccke Body Wave Schwarze Per\u00fccke mit HD 5x5 Verschluss 100% reines Echthaar","rel":"","context":"Similar post","img":{"alt_text":"","src":"https:\/\/i0.wp.com\/kenblihair.com\/wp-content\/uploads\/2021\/12\/SWIPE-UP-2-Perruque-Body-Wave-Noire-avec-Closure-HD-5\u00d75-100-Virgin-Human-Hair.jpeg?fit=1012%2C1012&ssl=1&resize=350%2C200","width":350,"height":200},"classes":[]}],"_links":{"self":[{"href":"https:\/\/kenblihair.com\/index.php?rest_route=\/wp\/v2\/product\/2747","targetHints":{"allow":["GET"]}}],"collection":[{"href":"https:\/\/kenblihair.com\/index.php?rest_route=\/wp\/v2\/product"}],"about":[{"href":"https:\/\/kenblihair.com\/index.php?rest_route=\/wp\/v2\/types\/product"}],"replies":[{"embeddable":true,"href":"https:\/\/kenblihair.com\/index.php?rest_route=%2Fwp%2Fv2%2Fcomments&post=2747"}],"wp:featuredmedia":[{"embeddable":true,"href":"https:\/\/kenblihair.com\/index.php?rest_route=\/wp\/v2\/media\/10845"}],"wp:attachment":[{"href":"https:\/\/kenblihair.com\/index.php?rest_route=%2Fwp%2Fv2%2Fmedia&parent=2747"}],"wp:term":[{"taxonomy":"product_cat","embeddable":true,"href":"https:\/\/kenblihair.com\/index.php?rest_route=%2Fwp%2Fv2%2Fproduct_cat&post=2747"},{"taxonomy":"product_tag","embeddable":true,"href":"https:\/\/kenblihair.com\/index.php?rest_route=%2Fwp%2Fv2%2Fproduct_tag&post=2747"}],"curies":[{"name":"wp","href":"https:\/\/api.w.org\/{rel}","templated":true}]}}