{"id":2794,"date":"2021-11-29T00:07:31","date_gmt":"2021-12-13T12:41:20","guid":{"rendered":"https:\/\/elsihair.com\/?product=black-water-wave-peruecke-mit-spitzenfront-13x4-100-reines-echthaar"},"modified":"2021-12-17T10:00:20","modified_gmt":"2021-12-17T09:00:20","slug":"schwarz-wasserwellen-perucke-mit-spitze-frontal-13x4-100-jungfrau-menschhaar1","status":"publish","type":"product","link":"https:\/\/kenblihair.com\/?product=schwarz-wasserwellen-perucke-mit-spitze-frontal-13x4-100-jungfrau-menschhaar1","title":{"rendered":"Black Water Wave Per\u00fccke mit Spitzenfront 13&#215;4 100% reines Echthaar"},"content":{"rendered":"<p>Black Water Wave Per\u00fccke mit Spitzenfront 13&#215;4 100% reines Echthaar1<\/p>\n","protected":false},"excerpt":{"rendered":"<p>Black Water Wave Per\u00fccke mit Spitzenfront 13&#215;4 100% reines Echthaar<\/p>\n","protected":false},"featured_media":9951,"comment_status":"open","ping_status":"closed","template":"","meta":{"spay_email":""},"product_cat":[184],"product_tag":[322],"class_list":{"0":"post-2794","1":"product","2":"type-product","3":"status-publish","4":"has-post-thumbnail","6":"product_cat-perucken","7":"product_tag-wasserwelle-13x4","8":"latest_post","10":"first","11":"instock","12":"sale","13":"taxable","14":"shipping-taxable","15":"purchasable","16":"product-type-variable","17":"has-default-attributes"},"jetpack-related-posts":[{"id":3061,"url":"https:\/\/kenblihair.com\/?product=perucke-highlight-glatt-mit-spitze-frontal-13x4-100-jungfrau-echthaar","url_meta":{"origin":2794,"position":0},"title":"Schwarze Body Wave Per\u00fccke mit Spitzenfront 13&#215;4 100% reines Echthaar","date":"28 November 2021","format":false,"excerpt":"Schwarze Body Wave Per\u00fccke mit Spitzenfront 13x4 100% reines Echthaar","rel":"","context":"Similar post","img":{"alt_text":"","src":"https:\/\/i1.wp.com\/kenblihair.com\/wp-content\/uploads\/2021\/11\/SWIPE-UP-1-Perruque-Noire-Body-Wave-avec-Lace-Frontal-13\u00d74-100-Virgin-Human-Hair.jpeg?fit=1017%2C1017&ssl=1&resize=350%2C200","width":350,"height":200},"classes":[]},{"id":11978,"url":"https:\/\/kenblihair.com\/?product=rothaarige-ingwer-body-wave-perucke-mit-spitze-frontal-hd-13x4-100-jungfrau-echthaar","url_meta":{"origin":2794,"position":1},"title":"Ingwer (Rot) Body Wave Per\u00fccke mit Spitzenfront HD 13&#215;4 100% reines Echthaar","date":"18 December 2021","format":false,"excerpt":"Ingwer (Rot) Body Wave Per\u00fccke mit Spitzenfront HD 13x4 100% reines Echthaar Hassen","rel":"","context":"Similar post","img":{"alt_text":"","src":"https:\/\/i2.wp.com\/kenblihair.com\/wp-content\/uploads\/2021\/12\/SWIPE-UP-1.-Perruque-Ginger-Roux-Body-Wave-avec-Lace-Frontal-HD-13\u00d74-100-Virgin-Human-Hair.jpeg?fit=983%2C983&ssl=1&resize=350%2C200","width":350,"height":200},"classes":[]},{"id":4143,"url":"https:\/\/kenblihair.com\/?product=bob-perucke-deep-wave-schwarz-perucke-mit-spitze-frontal-hd-13x4-100-virgin-echthaar","url_meta":{"origin":2794,"position":2},"title":"Bob Per\u00fccke Deep Wave Schwarze Per\u00fccke mit Spitzenfront HD 13&#215;4 100% reines Echthaar","date":"16 December 2021","format":false,"excerpt":"Bob Per\u00fccke Deep Wave Schwarze Per\u00fccke mit Spitzenfront HD 13x4 100% reines Echthaar","rel":"","context":"Similar post","img":{"alt_text":"","src":"https:\/\/i1.wp.com\/kenblihair.com\/wp-content\/uploads\/2021\/12\/SWIPE-UP-1.-Perruque-Bob-Wig-Deep-Wave-Noire-avec-Lace-Frontal-HD-13\u00d74-100-Virgin-Human-Hair.jpeg?fit=999%2C999&ssl=1&resize=350%2C200","width":350,"height":200},"classes":[]},{"id":6770,"url":"https:\/\/kenblihair.com\/?product=blonde-perucke-613-korperwelle-mit-spitze-frontal-hd-13x4-100-jungfrau-menschlich-hai","url_meta":{"origin":2794,"position":3},"title":"Blonde 613 Body Wave Per\u00fccke mit Spitzenfront HD 13&#215;4 100% reines Echthaar","date":"18 December 2021","format":false,"excerpt":"Blonde 613 Body Wave Per\u00fccke mit Spitzenfront HD 13x4 100% reines Echthaar","rel":"","context":"Similar post","img":{"alt_text":"","src":"https:\/\/i0.wp.com\/kenblihair.com\/wp-content\/uploads\/2021\/12\/SWIPE-UP-1.-Perruque-Blond-613-Body-Wave-avec-Lace-Frontal-HD-13\u00d74-100-Virgin-Human-Hair.jpeg?fit=997%2C997&ssl=1&resize=350%2C200","width":350,"height":200},"classes":[]},{"id":11780,"url":"https:\/\/kenblihair.com\/?product=bob-wig-black-loose-wave-with-lace-frontal-hd-13x4-100-virgin-human-hair-wig","url_meta":{"origin":2794,"position":4},"title":"Schwarze Lockere Welle Bob Per\u00fccke mit Spitzenfront HD 13&#215;4 100% reines Echthaar","date":"19 December 2021","format":false,"excerpt":"Schwarze Lockere Welle Bob Per\u00fccke mit Spitzenfront HD 13x4 100% reines Echthaar","rel":"","context":"Similar post","img":{"alt_text":"","src":"","width":0,"height":0},"classes":[]},{"id":7150,"url":"https:\/\/kenblihair.com\/?product=glatt-braun-perucke-mit-spitze-frontal-hd-13x4-100-jungfrau-echthaar","url_meta":{"origin":2794,"position":5},"title":"Glatte braune Per\u00fccke mit Spitzenfront HD 13&#215;4 100% reines Echthaar","date":"18 December 2021","format":false,"excerpt":"Glatte braune Per\u00fccke mit Spitzenfront HD 13x4 100% reines Echthaar","rel":"","context":"Similar post","img":{"alt_text":"","src":"https:\/\/i0.wp.com\/kenblihair.com\/wp-content\/uploads\/2021\/12\/SWIPE-UP-1.-Perruque-Brun-Lisse-avec-Lace-Frontal-HD-13\u00d74-100-Virgin-Human-Hair.jpeg?fit=1022%2C1022&ssl=1&resize=350%2C200","width":350,"height":200},"classes":[]}],"_links":{"self":[{"href":"https:\/\/kenblihair.com\/index.php?rest_route=\/wp\/v2\/product\/2794","targetHints":{"allow":["GET"]}}],"collection":[{"href":"https:\/\/kenblihair.com\/index.php?rest_route=\/wp\/v2\/product"}],"about":[{"href":"https:\/\/kenblihair.com\/index.php?rest_route=\/wp\/v2\/types\/product"}],"replies":[{"embeddable":true,"href":"https:\/\/kenblihair.com\/index.php?rest_route=%2Fwp%2Fv2%2Fcomments&post=2794"}],"wp:featuredmedia":[{"embeddable":true,"href":"https:\/\/kenblihair.com\/index.php?rest_route=\/wp\/v2\/media\/9951"}],"wp:attachment":[{"href":"https:\/\/kenblihair.com\/index.php?rest_route=%2Fwp%2Fv2%2Fmedia&parent=2794"}],"wp:term":[{"taxonomy":"product_cat","embeddable":true,"href":"https:\/\/kenblihair.com\/index.php?rest_route=%2Fwp%2Fv2%2Fproduct_cat&post=2794"},{"taxonomy":"product_tag","embeddable":true,"href":"https:\/\/kenblihair.com\/index.php?rest_route=%2Fwp%2Fv2%2Fproduct_tag&post=2794"}],"curies":[{"name":"wp","href":"https:\/\/api.w.org\/{rel}","templated":true}]}}