{"id":2886,"date":"2021-11-29T01:19:35","date_gmt":"2021-12-13T12:44:46","guid":{"rendered":"https:\/\/elsihair.com\/?product=99j-water-wave-peruecke-mit-spitzenfront-13x4-100-reines-echthaar"},"modified":"2021-12-31T01:39:41","modified_gmt":"2021-12-31T00:39:41","slug":"perucke-99j-wasserwelle-mit-spitze-frontal-13x4-100-jungfrau-echthaar","status":"publish","type":"product","link":"https:\/\/kenblihair.com\/?product=perucke-99j-wasserwelle-mit-spitze-frontal-13x4-100-jungfrau-echthaar","title":{"rendered":"100% reines Echthaar Glatt 99j Per\u00fccke"},"content":{"rendered":"<p>100% reines Echthaar Glatt 99j Per\u00fccke<\/p>\n","protected":false},"excerpt":{"rendered":"<p>100% reines Echthaar Glatt 99j Per\u00fccke<\/p>\n","protected":false},"featured_media":10334,"comment_status":"open","ping_status":"closed","template":"","meta":{"spay_email":""},"product_cat":[184],"product_tag":[311],"class_list":{"0":"post-2886","1":"product","2":"type-product","3":"status-publish","4":"has-post-thumbnail","6":"product_cat-perucken","7":"product_tag-99j-mit-schlamm","8":"latest_post","10":"first","11":"instock","12":"sale","13":"taxable","14":"shipping-taxable","15":"purchasable","16":"product-type-variable","17":"has-default-attributes"},"jetpack-related-posts":[{"id":3783,"url":"https:\/\/kenblihair.com\/?product=perucke-glatt-99j-mit-verschluss-4x4-100-jungfrau-echthaar","url_meta":{"origin":2886,"position":0},"title":"Glatte Per\u00fccke 99j mit Verschluss 4&#215;4 100% reines Echthaar","date":"15 December 2021","format":false,"excerpt":"Glatte Per\u00fccke 99j mit Verschluss 4x4 100% reines Echthaar","rel":"","context":"Similar post","img":{"alt_text":"","src":"https:\/\/i1.wp.com\/kenblihair.com\/wp-content\/uploads\/2021\/12\/SWIPE-UP-1.-Perruque-Lisse-99j-avec-Closure-4\u00d74-100-Virgin-Human-Hair.jpeg?fit=1009%2C1009&ssl=1&resize=350%2C200","width":350,"height":200},"classes":[]},{"id":5303,"url":"https:\/\/kenblihair.com\/?product=perucke-99j-glatt-mit-spitze-frontal-hd-13x4-100-jungfrau-echthaar","url_meta":{"origin":2886,"position":1},"title":"Per\u00fccke 99j Glatt mit Spitzenfront HD 13&#215;4 100% reines Echthaar","date":"18 December 2021","format":false,"excerpt":"Per\u00fccke 99j Glatt mit Spitzenfront HD 13x4 100% reines Echthaar","rel":"","context":"Similar post","img":{"alt_text":"","src":"https:\/\/i2.wp.com\/kenblihair.com\/wp-content\/uploads\/2021\/12\/SWIPE-UP-1-Perruque-99j-Lisse-avec-Lace-Frontal-HD-13\u00d74-100-Virgin-Human-Hair.jpeg?fit=821%2C821&ssl=1&resize=350%2C200","width":350,"height":200},"classes":[]},{"id":5385,"url":"https:\/\/kenblihair.com\/?product=perucke-bandeau-99j-kinky-gerade-100-jungfrau-echthaar","url_meta":{"origin":2886,"position":2},"title":"100% reines Echthaar 99j Kinky Straight Bandeau Per\u00fccke","date":"18 December 2021","format":false,"excerpt":"100% reines Echthaar 99j Kinky Straight Bandeau Per\u00fccke","rel":"","context":"Similar post","img":{"alt_text":"","src":"https:\/\/i0.wp.com\/kenblihair.com\/wp-content\/uploads\/2021\/12\/Perruque-Bandeau-99j-Kinky-Straight-100-Virgin-Human-Hair.jpeg?fit=1008%2C1008&ssl=1&resize=350%2C200","width":350,"height":200},"classes":[]},{"id":7486,"url":"https:\/\/kenblihair.com\/?product=schwarze-bob-perucke-glatte-perucke-mit-pony-100-jungfrau-echthaar","url_meta":{"origin":2886,"position":3},"title":"Schwarze Bob Per\u00fccke Glatte Per\u00fccke mit Pony 100% reines Echthaar","date":"18 December 2021","format":false,"excerpt":"Schwarze Bob Per\u00fccke Glatte Per\u00fccke mit Pony 100% reines Echthaar","rel":"","context":"Similar post","img":{"alt_text":"","src":"https:\/\/i1.wp.com\/kenblihair.com\/wp-content\/uploads\/2021\/12\/SWIPE-UP-1.-Perruque-Noire-Bob-Wig-Lisse-avec-Frange-100-Virgin-Human-Hair.jpeg?fit=978%2C978&ssl=1&resize=350%2C200","width":350,"height":200},"classes":[]},{"id":5375,"url":"https:\/\/kenblihair.com\/?product=perucke-99j-tiefe-welle-mit-verschluss-4x4-100-jungfrau-echthaar","url_meta":{"origin":2886,"position":4},"title":"Per\u00fccke 99j Deep Wave mit Verschluss 4&#215;4 100% reines Echthaar","date":"18 December 2021","format":false,"excerpt":"Per\u00fccke 99j Deep Wave mit Verschluss 4x4 100% reines Echthaar","rel":"","context":"Similar post","img":{"alt_text":"","src":"https:\/\/i0.wp.com\/kenblihair.com\/wp-content\/uploads\/2021\/12\/SWIPE-UP-1-Perruque-99j-Deep-Wave-avec-Closure-4\u00d74-100-Virgin-Human-Hair.jpeg?fit=1003%2C1003&ssl=1&resize=350%2C200","width":350,"height":200},"classes":[]},{"id":12166,"url":"https:\/\/kenblihair.com\/?product=straight-bob-perucke-blond-613-perucke-mit-pony-100-virgin-echthaar","url_meta":{"origin":2886,"position":5},"title":"Glatte Bob Per\u00fccke Blonde 613 Per\u00fccke mit Pony 100% reines Echthaar","date":"11 January 2022","format":false,"excerpt":"Glatte Bob Per\u00fccke Blonde 613 Per\u00fccke mit Pony 100% reines Echthaar","rel":"","context":"Similar post","img":{"alt_text":"","src":"https:\/\/i2.wp.com\/kenblihair.com\/wp-content\/uploads\/2022\/01\/Perruque-Lisse-Bob-Wig-Blond-613-avec-Frange-100-Virgin-Human-Hair1.jpeg?fit=1024%2C1019&ssl=1&resize=350%2C200","width":350,"height":200},"classes":[]}],"_links":{"self":[{"href":"https:\/\/kenblihair.com\/index.php?rest_route=\/wp\/v2\/product\/2886","targetHints":{"allow":["GET"]}}],"collection":[{"href":"https:\/\/kenblihair.com\/index.php?rest_route=\/wp\/v2\/product"}],"about":[{"href":"https:\/\/kenblihair.com\/index.php?rest_route=\/wp\/v2\/types\/product"}],"replies":[{"embeddable":true,"href":"https:\/\/kenblihair.com\/index.php?rest_route=%2Fwp%2Fv2%2Fcomments&post=2886"}],"wp:featuredmedia":[{"embeddable":true,"href":"https:\/\/kenblihair.com\/index.php?rest_route=\/wp\/v2\/media\/10334"}],"wp:attachment":[{"href":"https:\/\/kenblihair.com\/index.php?rest_route=%2Fwp%2Fv2%2Fmedia&parent=2886"}],"wp:term":[{"taxonomy":"product_cat","embeddable":true,"href":"https:\/\/kenblihair.com\/index.php?rest_route=%2Fwp%2Fv2%2Fproduct_cat&post=2886"},{"taxonomy":"product_tag","embeddable":true,"href":"https:\/\/kenblihair.com\/index.php?rest_route=%2Fwp%2Fv2%2Fproduct_tag&post=2886"}],"curies":[{"name":"wp","href":"https:\/\/api.w.org\/{rel}","templated":true}]}}