{"id":3976,"date":"2021-12-16T01:47:48","date_gmt":"2021-12-16T00:48:07","guid":{"rendered":"https:\/\/elsihair.com\/?product=perueckenkappe-2"},"modified":"2021-12-17T22:54:42","modified_gmt":"2021-12-17T21:54:42","slug":"peruckenkappe","status":"publish","type":"product","link":"https:\/\/kenblihair.com\/?product=peruckenkappe","title":{"rendered":"PER\u00dcCKENKAPPE"},"content":{"rendered":"<p>Dieser Hut wurde aus atmungsaktivem und bequemem Material hergestellt. Es erm\u00f6glicht die Aufrechterhaltung der<br \/>\nHaare unter der Per\u00fccke. F\u00fcr alle Kopfformen geeignet.<\/p>\n","protected":false},"excerpt":{"rendered":"<p>Dieser Hut wurde aus atmungsaktivem und bequemem Material hergestellt. Es h\u00e4lt die Haare unter der Per\u00fccke fest. F\u00fcr alle Kopfformen geeignet.<\/p>\n","protected":false},"featured_media":10909,"comment_status":"open","ping_status":"closed","template":"","meta":{"spay_email":""},"product_cat":[187],"product_tag":[],"class_list":{"0":"post-3976","1":"product","2":"type-product","3":"status-publish","4":"has-post-thumbnail","6":"product_cat-zubehor","7":"latest_post","9":"first","10":"instock","11":"taxable","12":"shipping-taxable","13":"purchasable","14":"product-type-variable","15":"has-default-attributes"},"jetpack-related-posts":[{"id":4790,"url":"https:\/\/kenblihair.com\/?product=speck-sandwich","url_meta":{"origin":3976,"position":0},"title":"Speck Sandwich","date":"24 November 2017","format":false,"excerpt":"Eine Torte ist ein gebackenes Gericht, das aus einer F\u00fcllung auf einem Teigboden mit einer offenen Oberseite besteht, die nicht mit Teig bedeckt ist. Das Geb\u00e4ck ist normalerweise M\u00fcrbeteig; Die F\u00fcllung kann s\u00fc\u00df oder herzhaft sein, obwohl moderne Torten normalerweise auf Fr\u00fcchten basieren, manchmal mit Vanillepudding. T\u00f6rtchen bezieht sich auf\u2026","rel":"","context":"Similar post","img":{"alt_text":"","src":"https:\/\/i0.wp.com\/kenblihair.com\/wp-content\/uploads\/2021\/11\/Accessoireq-cappilaire-good.jpg?fit=831%2C568&ssl=1&resize=350%2C200","width":350,"height":200},"classes":[]},{"id":4798,"url":"https:\/\/kenblihair.com\/?product=kasig-gebackener-ei-toast","url_meta":{"origin":3976,"position":1},"title":"Cheesy Baked Egg Toast","date":"24 November 2017","format":false,"excerpt":"Eine Torte ist ein gebackenes Gericht, das aus einer F\u00fcllung auf einem Teigboden mit einer offenen Oberseite besteht, die nicht mit Teig bedeckt ist. Das Geb\u00e4ck ist normalerweise M\u00fcrbeteig; Die F\u00fcllung kann s\u00fc\u00df oder herzhaft sein, obwohl moderne Torten normalerweise auf Fr\u00fcchten basieren, manchmal mit Vanillepudding. T\u00f6rtchen bezieht sich auf\u2026","rel":"","context":"Similar post","img":{"alt_text":"","src":"","width":0,"height":0},"classes":[]},{"id":4806,"url":"https:\/\/kenblihair.com\/?product=hahnchen-pastetchen","url_meta":{"origin":3976,"position":2},"title":"H\u00fchnchen-Pastetchen","date":"24 November 2017","format":false,"excerpt":"Eine Torte ist ein gebackenes Gericht, das aus einer F\u00fcllung auf einem Teigboden mit einer offenen Oberseite besteht, die nicht mit Teig bedeckt ist. Das Geb\u00e4ck ist normalerweise M\u00fcrbeteig; Die F\u00fcllung kann s\u00fc\u00df oder herzhaft sein, obwohl moderne Torten normalerweise auf Fr\u00fcchten basieren, manchmal mit Vanillepudding. T\u00f6rtchen bezieht sich auf\u2026","rel":"","context":"Similar post","img":{"alt_text":"","src":"https:\/\/i0.wp.com\/kenblihair.com\/wp-content\/uploads\/2021\/11\/Accessoireq-cappilaire-good.jpg?fit=831%2C568&ssl=1&resize=350%2C200","width":350,"height":200},"classes":[]},{"id":4899,"url":"https:\/\/kenblihair.com\/?product=speck-sandwich-2","url_meta":{"origin":3976,"position":3},"title":"Speck Sandwich","date":"24 November 2017","format":false,"excerpt":"Eine Torte ist ein gebackenes Gericht, das aus einer F\u00fcllung auf einem Teigboden mit einer offenen Oberseite besteht, die nicht mit Teig bedeckt ist. Das Geb\u00e4ck ist normalerweise M\u00fcrbeteig; Die F\u00fcllung kann s\u00fc\u00df oder herzhaft sein, obwohl moderne Torten normalerweise auf Fr\u00fcchten basieren, manchmal mit Vanillepudding. T\u00f6rtchen bezieht sich auf\u2026","rel":"","context":"Similar post","img":{"alt_text":"","src":"https:\/\/i0.wp.com\/kenblihair.com\/wp-content\/uploads\/2021\/11\/Accessoireq-cappilaire-good.jpg?fit=831%2C568&ssl=1&resize=350%2C200","width":350,"height":200},"classes":[]},{"id":4909,"url":"https:\/\/kenblihair.com\/?product=hahnchen-pastetchen-2","url_meta":{"origin":3976,"position":4},"title":"H\u00fchnchen-Pastetchen","date":"24 November 2017","format":false,"excerpt":"Eine Torte ist ein gebackenes Gericht, das aus einer F\u00fcllung auf einem Teigboden mit einer offenen Oberseite besteht, die nicht mit Teig bedeckt ist. Das Geb\u00e4ck ist normalerweise M\u00fcrbeteig; Die F\u00fcllung kann s\u00fc\u00df oder herzhaft sein, obwohl moderne Torten normalerweise auf Fr\u00fcchten basieren, manchmal mit Vanillepudding. T\u00f6rtchen bezieht sich auf\u2026","rel":"","context":"Similar post","img":{"alt_text":"","src":"https:\/\/i0.wp.com\/kenblihair.com\/wp-content\/uploads\/2021\/11\/Accessoireq-cappilaire-good.jpg?fit=831%2C568&ssl=1&resize=350%2C200","width":350,"height":200},"classes":[]},{"id":4931,"url":"https:\/\/kenblihair.com\/?product=kasig-gebackener-ei-toast-2","url_meta":{"origin":3976,"position":5},"title":"Cheesy Baked Egg Toast","date":"24 November 2017","format":false,"excerpt":"Eine Torte ist ein gebackenes Gericht, das aus einer F\u00fcllung auf einem Teigboden mit einer offenen Oberseite besteht, die nicht mit Teig bedeckt ist. Das Geb\u00e4ck ist normalerweise M\u00fcrbeteig; Die F\u00fcllung kann s\u00fc\u00df oder herzhaft sein, obwohl moderne Torten normalerweise auf Fr\u00fcchten basieren, manchmal mit Vanillepudding. T\u00f6rtchen bezieht sich auf\u2026","rel":"","context":"Similar post","img":{"alt_text":"","src":"","width":0,"height":0},"classes":[]}],"_links":{"self":[{"href":"https:\/\/kenblihair.com\/index.php?rest_route=\/wp\/v2\/product\/3976","targetHints":{"allow":["GET"]}}],"collection":[{"href":"https:\/\/kenblihair.com\/index.php?rest_route=\/wp\/v2\/product"}],"about":[{"href":"https:\/\/kenblihair.com\/index.php?rest_route=\/wp\/v2\/types\/product"}],"replies":[{"embeddable":true,"href":"https:\/\/kenblihair.com\/index.php?rest_route=%2Fwp%2Fv2%2Fcomments&post=3976"}],"wp:featuredmedia":[{"embeddable":true,"href":"https:\/\/kenblihair.com\/index.php?rest_route=\/wp\/v2\/media\/10909"}],"wp:attachment":[{"href":"https:\/\/kenblihair.com\/index.php?rest_route=%2Fwp%2Fv2%2Fmedia&parent=3976"}],"wp:term":[{"taxonomy":"product_cat","embeddable":true,"href":"https:\/\/kenblihair.com\/index.php?rest_route=%2Fwp%2Fv2%2Fproduct_cat&post=3976"},{"taxonomy":"product_tag","embeddable":true,"href":"https:\/\/kenblihair.com\/index.php?rest_route=%2Fwp%2Fv2%2Fproduct_tag&post=3976"}],"curies":[{"name":"wp","href":"https:\/\/api.w.org\/{rel}","templated":true}]}}