{"id":4790,"date":"2017-11-24T07:12:58","date_gmt":"2021-12-16T11:36:33","guid":{"rendered":"https:\/\/elsihair.com\/?product=speck-sandwich"},"modified":"2021-12-16T12:36:33","modified_gmt":"2021-12-16T11:36:33","slug":"speck-sandwich","status":"publish","type":"product","link":"https:\/\/kenblihair.com\/?product=speck-sandwich","title":{"rendered":"Speck Sandwich"},"content":{"rendered":"<p>Eine Torte ist ein gebackenes Gericht, das aus einer F\u00fcllung auf einem Teigboden mit einer offenen Oberseite besteht, die nicht mit Teig bedeckt ist. Das Geb\u00e4ck ist normalerweise M\u00fcrbeteig; Die F\u00fcllung kann s\u00fc\u00df oder herzhaft sein, obwohl moderne Torten normalerweise auf Fr\u00fcchten basieren, manchmal mit Vanillepudding. T\u00f6rtchen bezieht sich auf eine Miniaturtorte; ein Beispiel w\u00e4ren Eierkuchen. Die Kategorien \u201eTarte\u201c, \u201eFlan\u201c, \u201eQuiche\u201c und \u201eKuchen\u201c \u00fcberschneiden sich ohne scharfe Unterschiede.<\/p>\n<p>Das franz\u00f6sische Wort Tarte kann entweder mit Torte oder Torte \u00fcbersetzt werden, da beide im Wesentlichen gleich sind, mit Ausnahme einer Torte, die normalerweise die F\u00fcllung im Geb\u00e4ck bedeckt, w\u00e4hrend Torten und Torten sie offen lassen.<\/p>\n<p>Es wird angenommen, dass Torten entweder aus einer Tradition des Schichten von Lebensmitteln stammen oder ein Produkt der mittelalterlichen Tortenherstellung sind. Es wird angenommen, dass angereicherter Teig (dh M\u00fcrbeteig) erstmals 1550, etwa 200 Jahre nach Pasteten, allgemein verwendet wurde. In dieser Zeit galten sie als gehobene K\u00fcche, beliebt beim Adel, im Gegensatz zu der Ansicht eines b\u00fcrgerlichen Kuchens. W\u00e4hrend urspr\u00fcnglich mit Fleischf\u00fcllungen genossen, f\u00fchrte der kulinarische Geschmack dazu, dass sich s\u00fc\u00dfe Torten durchsetzten, die stattdessen mit Obst und Vanilleso\u00dfe gef\u00fcllt wurden.<\/p>\n<p>Eine fr\u00fche Torte war die italienische Crostata, die mindestens aus der Mitte des 15. Jahrhunderts stammt. Es wurde als &#8220;rustikale Freiformversion einer offenen Obsttorte&#8221; beschrieben.<\/p>\n<p>Torten sind normalerweise freistehend mit festem Teigboden, der aus Teig besteht, der selbst aus Mehl, dicker F\u00fcllung und senkrechten Seiten besteht, w\u00e4hrend Torten weicheren Teig, lockerere F\u00fcllung und schr\u00e4ge Seiten haben k\u00f6nnen, was eine Bedienung von der Tortenplatte erfordert.<\/p>\n","protected":false},"excerpt":{"rendered":"<p>Eine Torte ist ein gebackenes Gericht, das aus einer F\u00fcllung auf einem Teigboden mit einer offenen Oberseite besteht, die nicht mit Teig bedeckt ist. Das Geb\u00e4ck ist normalerweise M\u00fcrbeteig; Die F\u00fcllung kann s\u00fc\u00df oder herzhaft sein, obwohl moderne Torten normalerweise auf Fr\u00fcchten basieren, manchmal mit Vanillepudding. T\u00f6rtchen bezieht sich auf eine Miniaturtorte; ein Beispiel w\u00e4ren &hellip; <\/p>\n","protected":false},"featured_media":1758,"comment_status":"open","ping_status":"closed","template":"","meta":{"spay_email":""},"product_cat":[15],"product_tag":[],"class_list":{"0":"post-4790","1":"product","2":"type-product","3":"status-publish","4":"has-post-thumbnail","6":"product_cat-extensions-de-cheveux","7":"latest_post","9":"first","10":"instock","11":"sale","12":"taxable","13":"shipping-taxable","14":"purchasable","15":"product-type-simple"},"jetpack-related-posts":[{"id":4798,"url":"https:\/\/kenblihair.com\/?product=kasig-gebackener-ei-toast","url_meta":{"origin":4790,"position":0},"title":"Cheesy Baked Egg Toast","date":"24 November 2017","format":false,"excerpt":"Eine Torte ist ein gebackenes Gericht, das aus einer F\u00fcllung auf einem Teigboden mit einer offenen Oberseite besteht, die nicht mit Teig bedeckt ist. Das Geb\u00e4ck ist normalerweise M\u00fcrbeteig; Die F\u00fcllung kann s\u00fc\u00df oder herzhaft sein, obwohl moderne Torten normalerweise auf Fr\u00fcchten basieren, manchmal mit Vanillepudding. T\u00f6rtchen bezieht sich auf\u2026","rel":"","context":"Similar post","img":{"alt_text":"","src":"","width":0,"height":0},"classes":[]},{"id":4806,"url":"https:\/\/kenblihair.com\/?product=hahnchen-pastetchen","url_meta":{"origin":4790,"position":1},"title":"H\u00fchnchen-Pastetchen","date":"24 November 2017","format":false,"excerpt":"Eine Torte ist ein gebackenes Gericht, das aus einer F\u00fcllung auf einem Teigboden mit einer offenen Oberseite besteht, die nicht mit Teig bedeckt ist. Das Geb\u00e4ck ist normalerweise M\u00fcrbeteig; Die F\u00fcllung kann s\u00fc\u00df oder herzhaft sein, obwohl moderne Torten normalerweise auf Fr\u00fcchten basieren, manchmal mit Vanillepudding. T\u00f6rtchen bezieht sich auf\u2026","rel":"","context":"Similar post","img":{"alt_text":"","src":"https:\/\/i0.wp.com\/kenblihair.com\/wp-content\/uploads\/2021\/11\/Accessoireq-cappilaire-good.jpg?fit=831%2C568&ssl=1&resize=350%2C200","width":350,"height":200},"classes":[]},{"id":4899,"url":"https:\/\/kenblihair.com\/?product=speck-sandwich-2","url_meta":{"origin":4790,"position":2},"title":"Speck Sandwich","date":"24 November 2017","format":false,"excerpt":"Eine Torte ist ein gebackenes Gericht, das aus einer F\u00fcllung auf einem Teigboden mit einer offenen Oberseite besteht, die nicht mit Teig bedeckt ist. Das Geb\u00e4ck ist normalerweise M\u00fcrbeteig; Die F\u00fcllung kann s\u00fc\u00df oder herzhaft sein, obwohl moderne Torten normalerweise auf Fr\u00fcchten basieren, manchmal mit Vanillepudding. T\u00f6rtchen bezieht sich auf\u2026","rel":"","context":"Similar post","img":{"alt_text":"","src":"https:\/\/i0.wp.com\/kenblihair.com\/wp-content\/uploads\/2021\/11\/Accessoireq-cappilaire-good.jpg?fit=831%2C568&ssl=1&resize=350%2C200","width":350,"height":200},"classes":[]},{"id":4909,"url":"https:\/\/kenblihair.com\/?product=hahnchen-pastetchen-2","url_meta":{"origin":4790,"position":3},"title":"H\u00fchnchen-Pastetchen","date":"24 November 2017","format":false,"excerpt":"Eine Torte ist ein gebackenes Gericht, das aus einer F\u00fcllung auf einem Teigboden mit einer offenen Oberseite besteht, die nicht mit Teig bedeckt ist. Das Geb\u00e4ck ist normalerweise M\u00fcrbeteig; Die F\u00fcllung kann s\u00fc\u00df oder herzhaft sein, obwohl moderne Torten normalerweise auf Fr\u00fcchten basieren, manchmal mit Vanillepudding. T\u00f6rtchen bezieht sich auf\u2026","rel":"","context":"Similar post","img":{"alt_text":"","src":"https:\/\/i0.wp.com\/kenblihair.com\/wp-content\/uploads\/2021\/11\/Accessoireq-cappilaire-good.jpg?fit=831%2C568&ssl=1&resize=350%2C200","width":350,"height":200},"classes":[]},{"id":4931,"url":"https:\/\/kenblihair.com\/?product=kasig-gebackener-ei-toast-2","url_meta":{"origin":4790,"position":4},"title":"Cheesy Baked Egg Toast","date":"24 November 2017","format":false,"excerpt":"Eine Torte ist ein gebackenes Gericht, das aus einer F\u00fcllung auf einem Teigboden mit einer offenen Oberseite besteht, die nicht mit Teig bedeckt ist. Das Geb\u00e4ck ist normalerweise M\u00fcrbeteig; Die F\u00fcllung kann s\u00fc\u00df oder herzhaft sein, obwohl moderne Torten normalerweise auf Fr\u00fcchten basieren, manchmal mit Vanillepudding. T\u00f6rtchen bezieht sich auf\u2026","rel":"","context":"Similar post","img":{"alt_text":"","src":"","width":0,"height":0},"classes":[]},{"id":5008,"url":"https:\/\/kenblihair.com\/?product=hahnchen-pastetchen-3","url_meta":{"origin":4790,"position":5},"title":"H\u00fchnchen-Pastetchen","date":"24 November 2017","format":false,"excerpt":"Eine Torte ist ein gebackenes Gericht, das aus einer F\u00fcllung auf einem Teigboden mit einer offenen Oberseite besteht, die nicht mit Teig bedeckt ist. Das Geb\u00e4ck ist normalerweise M\u00fcrbeteig; Die F\u00fcllung kann s\u00fc\u00df oder herzhaft sein, obwohl moderne Torten normalerweise auf Fr\u00fcchten basieren, manchmal mit Vanillepudding. T\u00f6rtchen bezieht sich auf\u2026","rel":"","context":"Similar post","img":{"alt_text":"","src":"https:\/\/i0.wp.com\/kenblihair.com\/wp-content\/uploads\/2021\/11\/Accessoireq-cappilaire-good.jpg?fit=831%2C568&ssl=1&resize=350%2C200","width":350,"height":200},"classes":[]}],"_links":{"self":[{"href":"https:\/\/kenblihair.com\/index.php?rest_route=\/wp\/v2\/product\/4790","targetHints":{"allow":["GET"]}}],"collection":[{"href":"https:\/\/kenblihair.com\/index.php?rest_route=\/wp\/v2\/product"}],"about":[{"href":"https:\/\/kenblihair.com\/index.php?rest_route=\/wp\/v2\/types\/product"}],"replies":[{"embeddable":true,"href":"https:\/\/kenblihair.com\/index.php?rest_route=%2Fwp%2Fv2%2Fcomments&post=4790"}],"wp:featuredmedia":[{"embeddable":true,"href":"https:\/\/kenblihair.com\/index.php?rest_route=\/wp\/v2\/media\/1758"}],"wp:attachment":[{"href":"https:\/\/kenblihair.com\/index.php?rest_route=%2Fwp%2Fv2%2Fmedia&parent=4790"}],"wp:term":[{"taxonomy":"product_cat","embeddable":true,"href":"https:\/\/kenblihair.com\/index.php?rest_route=%2Fwp%2Fv2%2Fproduct_cat&post=4790"},{"taxonomy":"product_tag","embeddable":true,"href":"https:\/\/kenblihair.com\/index.php?rest_route=%2Fwp%2Fv2%2Fproduct_tag&post=4790"}],"curies":[{"name":"wp","href":"https:\/\/api.w.org\/{rel}","templated":true}]}}