{"id":5369,"date":"2021-12-18T04:00:57","date_gmt":"2021-12-18T03:01:07","guid":{"rendered":"https:\/\/elsihair.com\/?product=schwarze-kinky-curly-peruecke-mit-4x4-verschluss-100-reines-echthaar"},"modified":"2021-12-31T01:41:56","modified_gmt":"2021-12-31T00:41:56","slug":"schwarze-kinky-locke-perucke-mit-verschluss-4x4-100-jungfrau-echthaar","status":"publish","type":"product","link":"https:\/\/kenblihair.com\/?product=schwarze-kinky-locke-perucke-mit-verschluss-4x4-100-jungfrau-echthaar","title":{"rendered":"Schwarze Kinky Curly Per\u00fccke mit 4&#215;4 Verschluss 100 % reines Echthaar"},"content":{"rendered":"<p>Schwarze Kinky Curly Per\u00fccke mit 4&#215;4 Verschluss 100 % reines Echthaar<\/p>\n","protected":false},"excerpt":{"rendered":"<p>Schwarze Kinky Curly Per\u00fccke mit 4&#215;4 Verschluss 100 % reines Echthaar<\/p>\n","protected":false},"featured_media":10325,"comment_status":"open","ping_status":"closed","template":"","meta":{"spay_email":""},"product_cat":[184],"product_tag":[256],"class_list":{"0":"post-5369","1":"product","2":"type-product","3":"status-publish","4":"has-post-thumbnail","6":"product_cat-perucken","7":"product_tag-4x4-perucke","8":"latest_post","10":"first","11":"instock","12":"taxable","13":"shipping-taxable","14":"purchasable","15":"product-type-variable","16":"has-default-attributes"},"jetpack-related-posts":[{"id":3065,"url":"https:\/\/kenblihair.com\/?product=bob-peruecke-kinky-curly-schwarze-peruecke-mit-pony-100-virgin-echthaar","url_meta":{"origin":5369,"position":0},"title":"Bob Per\u00fccke Kinky Curly Schwarze Per\u00fccke mit HD-Verschluss 5 \u00d7 5 100% reines Echthaar","date":"9 December 2021","format":false,"excerpt":"Bob Per\u00fccke Kinky Curly Schwarze Per\u00fccke mit HD-Verschluss 5 \u00d7 5 100% reines Echthaar","rel":"","context":"Similar post","img":{"alt_text":"","src":"https:\/\/i2.wp.com\/kenblihair.com\/wp-content\/uploads\/2021\/12\/SWIPE-UP-1.-Perruque-Bob-Wig-Kinky-Curly-Noire-avec-Closure-HD-5\u00d75-100-Virgin-Human-Hair.jpeg?fit=993%2C993&ssl=1&resize=350%2C200","width":350,"height":200},"classes":[]},{"id":3722,"url":"https:\/\/kenblihair.com\/?product=schwarz-wasserwellen-perucke-mit-verschluss-4x4-100-jungfrau-echthaar","url_meta":{"origin":5369,"position":1},"title":"Schwarze Wasserwellenper\u00fccke mit 4&#215;4 Verschluss 100 % reines Echthaar","date":"15 December 2021","format":false,"excerpt":"Schwarze Wasserwellenper\u00fccke mit 4x4 Verschluss 100 % reines Echthaar","rel":"","context":"Similar post","img":{"alt_text":"","src":"https:\/\/i2.wp.com\/kenblihair.com\/wp-content\/uploads\/2021\/12\/SWIPE-UP-1.-Perruque-Noire-Water-Wave-avec-Closure-4\u00d74-100-Virgin-Human-Hair.jpeg?fit=768%2C777&ssl=1&resize=350%2C200","width":350,"height":200},"classes":[]},{"id":5421,"url":"https:\/\/kenblihair.com\/?product=schwarz-kinky-gerade-perucke-mit-verschluss-hd-5x5-100-jungfrau-echthaar","url_meta":{"origin":5369,"position":2},"title":"Schwarze Kinky Straight Per\u00fccke mit HD 5&#215;5 Verschluss 100 % reines Echthaar","date":"18 December 2021","format":false,"excerpt":"Schwarze Kinky Straight Per\u00fccke mit HD 5x5 Verschluss 100 % reines Echthaar","rel":"","context":"Similar post","img":{"alt_text":"","src":"https:\/\/i0.wp.com\/kenblihair.com\/wp-content\/uploads\/2021\/12\/SWIPE-UP-1-Perruque-Noire-Kinky-Straight-avec-Closure-HD-5\u00d75-100-Virgin-Human-Hair.jpeg?fit=1004%2C1004&ssl=1&resize=350%2C200","width":350,"height":200},"classes":[]},{"id":2692,"url":"https:\/\/kenblihair.com\/?product=schwarze-body-wave-perucke-mit-verschluss-4x4-100-jungfrau-echthaar","url_meta":{"origin":5369,"position":3},"title":"Schwarze Deep Wave Per\u00fccke mit 4&#215;4 Verschluss 100 % reines Echthaar","date":"9 December 2021","format":false,"excerpt":"Schwarze Deep Wave Per\u00fccke mit 4x4 Verschluss 100 % reines Echthaar","rel":"","context":"Similar post","img":{"alt_text":"","src":"https:\/\/i2.wp.com\/kenblihair.com\/wp-content\/uploads\/2021\/12\/SWIPE-UP-1-Perruque-Noire-Deep-Wave-avec-Closure-4\u00d74-100-Virgin-Human-Hair.jpeg?fit=768%2C768&ssl=1&resize=350%2C200","width":350,"height":200},"classes":[]},{"id":3019,"url":"https:\/\/kenblihair.com\/?product=4x4-glatt-schwarz-perucke-mit-verschluss-virgin-echthaar","url_meta":{"origin":5369,"position":4},"title":"SCHWARZ GLATT 4&#215;4 PER\u00dcCKE MIT VERSCHLUSS Reines Echthaar","date":"9 December 2021","format":false,"excerpt":"SCHWARZ GLATT 4x4 PER\u00dcCKE MIT VERSCHLUSS Reines Echthaar","rel":"","context":"Similar post","img":{"alt_text":"","src":"https:\/\/i1.wp.com\/kenblihair.com\/wp-content\/uploads\/2021\/12\/PERRUQUE-NOIRE-LISSE-AVEC-CLOSURE-4\u00d74-100-Virgin-Human-Hair1.jpeg?fit=768%2C768&ssl=1&resize=350%2C200","width":350,"height":200},"classes":[]},{"id":3833,"url":"https:\/\/kenblihair.com\/?product=perucke-99j-kinky-curly-mit-verschluss-hd-5x5-100-jungfrau-echthaar","url_meta":{"origin":5369,"position":5},"title":"Per\u00fccke 99j Kinky Curly mit Verschluss HD 5&#215;5 100% reines Echthaar","date":"15 December 2021","format":false,"excerpt":"Per\u00fccke 99j Kinky Curly mit Verschluss HD 5x5 100% reines Echthaar","rel":"","context":"Similar post","img":{"alt_text":"","src":"https:\/\/i0.wp.com\/kenblihair.com\/wp-content\/uploads\/2021\/12\/SWIPE-UP-1.-Perruque-99j-Kinky-Curly-avec-Closure-HD-5\u00d75-100-Virgin-Human-Hair.jpeg?fit=995%2C995&ssl=1&resize=350%2C200","width":350,"height":200},"classes":[]}],"_links":{"self":[{"href":"https:\/\/kenblihair.com\/index.php?rest_route=\/wp\/v2\/product\/5369","targetHints":{"allow":["GET"]}}],"collection":[{"href":"https:\/\/kenblihair.com\/index.php?rest_route=\/wp\/v2\/product"}],"about":[{"href":"https:\/\/kenblihair.com\/index.php?rest_route=\/wp\/v2\/types\/product"}],"replies":[{"embeddable":true,"href":"https:\/\/kenblihair.com\/index.php?rest_route=%2Fwp%2Fv2%2Fcomments&post=5369"}],"wp:featuredmedia":[{"embeddable":true,"href":"https:\/\/kenblihair.com\/index.php?rest_route=\/wp\/v2\/media\/10325"}],"wp:attachment":[{"href":"https:\/\/kenblihair.com\/index.php?rest_route=%2Fwp%2Fv2%2Fmedia&parent=5369"}],"wp:term":[{"taxonomy":"product_cat","embeddable":true,"href":"https:\/\/kenblihair.com\/index.php?rest_route=%2Fwp%2Fv2%2Fproduct_cat&post=5369"},{"taxonomy":"product_tag","embeddable":true,"href":"https:\/\/kenblihair.com\/index.php?rest_route=%2Fwp%2Fv2%2Fproduct_tag&post=5369"}],"curies":[{"name":"wp","href":"https:\/\/api.w.org\/{rel}","templated":true}]}}