{"id":538,"date":"2021-11-29T00:17:18","date_gmt":"2021-11-28T23:17:18","guid":{"rendered":"https:\/\/elsihair.com\/?post_type=product&#038;p=538"},"modified":"2022-01-04T22:14:46","modified_gmt":"2022-01-04T21:14:46","slug":"bonnet-pour-confection-de-perruque","status":"publish","type":"product","link":"https:\/\/kenblihair.com\/?product=bonnet-pour-confection-de-perruque","title":{"rendered":"Bonnet pour confection de Perruque"},"content":{"rendered":"<p>BONNET POUR CONFECTION DE PERRUQUE<\/p>\n","protected":false},"excerpt":{"rendered":"<p><strong>Les Couleurs en Stock<\/strong><\/p>\n<ul>\n<li>Noire Dome Cap<\/li>\n<li>Noire Mesh Cap<\/li>\n<\/ul>\n","protected":false},"featured_media":10901,"comment_status":"open","ping_status":"closed","template":"","meta":{"spay_email":""},"product_cat":[20],"product_tag":[],"class_list":{"0":"post-538","1":"product","2":"type-product","3":"status-publish","4":"has-post-thumbnail","6":"product_cat-accessoires","7":"latest_post","9":"first","10":"instock","11":"taxable","12":"shipping-taxable","13":"purchasable","14":"product-type-variable","15":"has-default-attributes"},"jetpack-related-posts":[{"id":945,"url":"https:\/\/kenblihair.com\/?product=bandeau-antiderapant-pour-perruque","url_meta":{"origin":538,"position":0},"title":"Bandeau antid\u00e9rapant pour Perruque","date":"5 December 2021","format":false,"excerpt":"Les couleurs en stock Rose Beige Brun clair Brun Blanc Noire","rel":"","context":"Similar post","img":{"alt_text":"","src":"https:\/\/i0.wp.com\/kenblihair.com\/wp-content\/uploads\/2021\/12\/SWIPE-UP-1.-Bandeau-antiderapant-pour-Perruque.jpeg?fit=543%2C1024&ssl=1&resize=350%2C200","width":350,"height":200},"classes":[]},{"id":3970,"url":"https:\/\/kenblihair.com\/?product=bonnet-de-perruque","url_meta":{"origin":538,"position":1},"title":"Bonnet de perruque","date":"16 December 2021","format":false,"excerpt":"Ce bonnet \u00e0 \u00e9t\u00e9 fabriqu\u00e9 \u00e0 l\u2019aide de mat\u00e9riel respirable et confortable. Il permet de maintenir les cheveux en place sous la perruque. Convient \u00e0 toutes les morphologie de t\u00eate.","rel":"","context":"Similar post","img":{"alt_text":"","src":"https:\/\/i2.wp.com\/kenblihair.com\/wp-content\/uploads\/2021\/12\/SWIPE-UP-1.-Bonnet-de-perruque.jpeg?fit=1024%2C881&ssl=1&resize=350%2C200","width":350,"height":200},"classes":[]},{"id":542,"url":"https:\/\/kenblihair.com\/?product=kit-de-pinces-a-cheveux","url_meta":{"origin":538,"position":2},"title":"Kit de Pinces \u00e0 Cheveux","date":"29 November 2021","format":false,"excerpt":"Couleurs en stock Or Noire Rose Violet","rel":"","context":"Similar post","img":{"alt_text":"","src":"https:\/\/i1.wp.com\/kenblihair.com\/wp-content\/uploads\/2021\/11\/SWIPE-UP-1.-Kit-de-Pinces-a-Cheveux.jpeg?fit=1024%2C891&ssl=1&resize=350%2C200","width":350,"height":200},"classes":[]},{"id":546,"url":"https:\/\/kenblihair.com\/?product=peigne-pour-cheveux-afro","url_meta":{"origin":538,"position":3},"title":"Peigne pour Cheveux AFRO","date":"29 November 2021","format":false,"excerpt":"COULEURS Orange Vert Violet Bleu Noire","rel":"","context":"Similar post","img":{"alt_text":"","src":"https:\/\/i0.wp.com\/kenblihair.com\/wp-content\/uploads\/2021\/11\/Peigne-pour-Cheveux-AFRO1.jpeg?fit=1024%2C974&ssl=1&resize=350%2C200","width":350,"height":200},"classes":[]},{"id":3976,"url":"https:\/\/kenblihair.com\/?product=peruckenkappe","url_meta":{"origin":538,"position":4},"title":"PER\u00dcCKENKAPPE","date":"16 December 2021","format":false,"excerpt":"Dieser Hut wurde aus atmungsaktivem und bequemem Material hergestellt. Es h\u00e4lt die Haare unter der Per\u00fccke fest. F\u00fcr alle Kopfformen geeignet.","rel":"","context":"Similar post","img":{"alt_text":"","src":"https:\/\/i2.wp.com\/kenblihair.com\/wp-content\/uploads\/2021\/12\/SWIPE-UP-1.-Bonnet-de-perruque.jpeg?fit=1024%2C881&ssl=1&resize=350%2C200","width":350,"height":200},"classes":[]},{"id":10204,"url":"https:\/\/kenblihair.com\/?product=perruque-bandeau-noire-lisse-100-virgin-human-hair","url_meta":{"origin":538,"position":5},"title":"Perruque Bandeau noire Lisse 100% Virgin Human Hair","date":"3 January 2022","format":false,"excerpt":"Perruque Bandeau noire Lisse 100% Virgin Human Hair","rel":"","context":"Similar post","img":{"alt_text":"","src":"https:\/\/i1.wp.com\/kenblihair.com\/wp-content\/uploads\/2022\/01\/Perruque-Bandeau-noire-Lisse-100-Virgin-Human-Hair.jpeg?fit=1200%2C1187&ssl=1&resize=350%2C200","width":350,"height":200},"classes":[]}],"_links":{"self":[{"href":"https:\/\/kenblihair.com\/index.php?rest_route=\/wp\/v2\/product\/538","targetHints":{"allow":["GET"]}}],"collection":[{"href":"https:\/\/kenblihair.com\/index.php?rest_route=\/wp\/v2\/product"}],"about":[{"href":"https:\/\/kenblihair.com\/index.php?rest_route=\/wp\/v2\/types\/product"}],"replies":[{"embeddable":true,"href":"https:\/\/kenblihair.com\/index.php?rest_route=%2Fwp%2Fv2%2Fcomments&post=538"}],"wp:featuredmedia":[{"embeddable":true,"href":"https:\/\/kenblihair.com\/index.php?rest_route=\/wp\/v2\/media\/10901"}],"wp:attachment":[{"href":"https:\/\/kenblihair.com\/index.php?rest_route=%2Fwp%2Fv2%2Fmedia&parent=538"}],"wp:term":[{"taxonomy":"product_cat","embeddable":true,"href":"https:\/\/kenblihair.com\/index.php?rest_route=%2Fwp%2Fv2%2Fproduct_cat&post=538"},{"taxonomy":"product_tag","embeddable":true,"href":"https:\/\/kenblihair.com\/index.php?rest_route=%2Fwp%2Fv2%2Fproduct_tag&post=538"}],"curies":[{"name":"wp","href":"https:\/\/api.w.org\/{rel}","templated":true}]}}