{"id":542,"date":"2021-11-29T00:26:50","date_gmt":"2021-11-28T23:26:50","guid":{"rendered":"https:\/\/elsihair.com\/?post_type=product&#038;p=542"},"modified":"2022-01-04T23:31:22","modified_gmt":"2022-01-04T22:31:22","slug":"kit-de-pinces-a-cheveux","status":"publish","type":"product","link":"https:\/\/kenblihair.com\/?product=kit-de-pinces-a-cheveux","title":{"rendered":"Kit de Pinces \u00e0 Cheveux"},"content":{"rendered":"<p>KIT DE PINCES A CHEVEUX<\/p>\n","protected":false},"excerpt":{"rendered":"<p><strong>Couleurs en stock<\/strong><\/p>\n<ul>\n<li>Or<\/li>\n<li>Noire<\/li>\n<li>Rose<\/li>\n<li>Violet<\/li>\n<\/ul>\n","protected":false},"featured_media":11016,"comment_status":"open","ping_status":"closed","template":"","meta":{"spay_email":""},"product_cat":[20],"product_tag":[],"class_list":{"0":"post-542","1":"product","2":"type-product","3":"status-publish","4":"has-post-thumbnail","6":"product_cat-accessoires","7":"latest_post","9":"first","10":"instock","11":"taxable","12":"shipping-taxable","13":"purchasable","14":"product-type-variable","15":"has-default-attributes"},"jetpack-related-posts":[{"id":2673,"url":"https:\/\/kenblihair.com\/?product=hair-clips-kit","url_meta":{"origin":542,"position":0},"title":"HAIR CLIP KIT","date":"29 November 2021","format":false,"excerpt":"Colors in stock Gold Black Pink Purple","rel":"","context":"Similar post","img":{"alt_text":"","src":"https:\/\/i1.wp.com\/kenblihair.com\/wp-content\/uploads\/2021\/11\/SWIPE-UP-1.-Kit-de-Pinces-a-Cheveux.jpeg?fit=1024%2C891&ssl=1&resize=350%2C200","width":350,"height":200},"classes":[]},{"id":546,"url":"https:\/\/kenblihair.com\/?product=peigne-pour-cheveux-afro","url_meta":{"origin":542,"position":1},"title":"Peigne pour Cheveux AFRO","date":"29 November 2021","format":false,"excerpt":"COULEURS Orange Vert Violet Bleu Noire","rel":"","context":"Similar post","img":{"alt_text":"","src":"https:\/\/i0.wp.com\/kenblihair.com\/wp-content\/uploads\/2021\/11\/Peigne-pour-Cheveux-AFRO1.jpeg?fit=1024%2C974&ssl=1&resize=350%2C200","width":350,"height":200},"classes":[]},{"id":536,"url":"https:\/\/kenblihair.com\/?product=brosse-a-cheveux","url_meta":{"origin":542,"position":2},"title":"Brosse \u00e0 Cheveux","date":"29 November 2021","format":false,"excerpt":"COULEURE:\u00a0 Noire","rel":"","context":"Similar post","img":{"alt_text":"","src":"https:\/\/i0.wp.com\/kenblihair.com\/wp-content\/uploads\/2021\/11\/Brosse-a-Cheveux.jpeg?fit=661%2C660&ssl=1&resize=350%2C200","width":350,"height":200},"classes":[]},{"id":941,"url":"https:\/\/kenblihair.com\/?product=brosse-electrique","url_meta":{"origin":542,"position":3},"title":"Brosse \u00e0 cheveux \u00e9lectrique","date":"5 December 2021","format":false,"excerpt":"COULEUR:\u00a0 Rose","rel":"","context":"Similar post","img":{"alt_text":"","src":"https:\/\/i2.wp.com\/kenblihair.com\/wp-content\/uploads\/2021\/12\/SWIPE-UP-1.-Brosse-a-cheveux-electrique.jpeg?fit=1024%2C979&ssl=1&resize=350%2C200","width":350,"height":200},"classes":[]},{"id":3970,"url":"https:\/\/kenblihair.com\/?product=bonnet-de-perruque","url_meta":{"origin":542,"position":4},"title":"Bonnet de perruque","date":"16 December 2021","format":false,"excerpt":"Ce bonnet \u00e0 \u00e9t\u00e9 fabriqu\u00e9 \u00e0 l\u2019aide de mat\u00e9riel respirable et confortable. Il permet de maintenir les cheveux en place sous la perruque. Convient \u00e0 toutes les morphologie de t\u00eate.","rel":"","context":"Similar post","img":{"alt_text":"","src":"https:\/\/i2.wp.com\/kenblihair.com\/wp-content\/uploads\/2021\/12\/SWIPE-UP-1.-Bonnet-de-perruque.jpeg?fit=1024%2C881&ssl=1&resize=350%2C200","width":350,"height":200},"classes":[]},{"id":538,"url":"https:\/\/kenblihair.com\/?product=bonnet-pour-confection-de-perruque","url_meta":{"origin":542,"position":5},"title":"Bonnet pour confection de Perruque","date":"29 November 2021","format":false,"excerpt":"Les Couleurs en Stock Noire Dome Cap Noire Mesh Cap","rel":"","context":"Similar post","img":{"alt_text":"","src":"https:\/\/i2.wp.com\/kenblihair.com\/wp-content\/uploads\/2021\/11\/SWIPE-UP-1.-Bonnet-pour-confection-de-Perruque.jpeg?fit=1024%2C990&ssl=1&resize=350%2C200","width":350,"height":200},"classes":[]}],"_links":{"self":[{"href":"https:\/\/kenblihair.com\/index.php?rest_route=\/wp\/v2\/product\/542","targetHints":{"allow":["GET"]}}],"collection":[{"href":"https:\/\/kenblihair.com\/index.php?rest_route=\/wp\/v2\/product"}],"about":[{"href":"https:\/\/kenblihair.com\/index.php?rest_route=\/wp\/v2\/types\/product"}],"replies":[{"embeddable":true,"href":"https:\/\/kenblihair.com\/index.php?rest_route=%2Fwp%2Fv2%2Fcomments&post=542"}],"wp:featuredmedia":[{"embeddable":true,"href":"https:\/\/kenblihair.com\/index.php?rest_route=\/wp\/v2\/media\/11016"}],"wp:attachment":[{"href":"https:\/\/kenblihair.com\/index.php?rest_route=%2Fwp%2Fv2%2Fmedia&parent=542"}],"wp:term":[{"taxonomy":"product_cat","embeddable":true,"href":"https:\/\/kenblihair.com\/index.php?rest_route=%2Fwp%2Fv2%2Fproduct_cat&post=542"},{"taxonomy":"product_tag","embeddable":true,"href":"https:\/\/kenblihair.com\/index.php?rest_route=%2Fwp%2Fv2%2Fproduct_tag&post=542"}],"curies":[{"name":"wp","href":"https:\/\/api.w.org\/{rel}","templated":true}]}}