{"id":5443,"date":"2021-12-18T20:25:39","date_gmt":"2021-12-18T19:25:56","guid":{"rendered":"https:\/\/elsihair.com\/?product=honigblonde-bob-peruecke-peruecke-mit-pony-100-reines-echthaar"},"modified":"2021-12-21T14:32:59","modified_gmt":"2021-12-21T13:32:59","slug":"honigblonde-bob-perucke-perucke-mit-pony-100-jungfrau-menschenhaar","status":"publish","type":"product","link":"https:\/\/kenblihair.com\/?product=honigblonde-bob-perucke-perucke-mit-pony-100-jungfrau-menschenhaar","title":{"rendered":"Honigblonde Bob Per\u00fccke Per\u00fccke mit Pony 100% reines Echthaar"},"content":{"rendered":"<p>Honigblonde Bob Per\u00fccke Per\u00fccke mit Pony 100% reines Echthaar<\/p>\n","protected":false},"excerpt":{"rendered":"<p>Honigblonde Bob Per\u00fccke Per\u00fccke mit Pony 100% reines Echthaar<\/p>\n","protected":false},"featured_media":10123,"comment_status":"open","ping_status":"closed","template":"","meta":{"spay_email":""},"product_cat":[184,350],"product_tag":[344],"class_list":{"0":"post-5443","1":"product","2":"type-product","3":"status-publish","4":"has-post-thumbnail","6":"product_cat-perucken","7":"product_cat-peruecken-8","8":"product_tag-kurze-perucke","9":"latest_post","11":"first","12":"instock","13":"sale","14":"taxable","15":"shipping-taxable","16":"purchasable","17":"product-type-variable","18":"has-default-attributes"},"jetpack-related-posts":[{"id":7486,"url":"https:\/\/kenblihair.com\/?product=schwarze-bob-perucke-glatte-perucke-mit-pony-100-jungfrau-echthaar","url_meta":{"origin":5443,"position":0},"title":"Schwarze Bob Per\u00fccke Glatte Per\u00fccke mit Pony 100% reines Echthaar","date":"18 December 2021","format":false,"excerpt":"Schwarze Bob Per\u00fccke Glatte Per\u00fccke mit Pony 100% reines Echthaar","rel":"","context":"Similar post","img":{"alt_text":"","src":"https:\/\/i1.wp.com\/kenblihair.com\/wp-content\/uploads\/2021\/12\/SWIPE-UP-1.-Perruque-Noire-Bob-Wig-Lisse-avec-Frange-100-Virgin-Human-Hair.jpeg?fit=978%2C978&ssl=1&resize=350%2C200","width":350,"height":200},"classes":[]},{"id":12166,"url":"https:\/\/kenblihair.com\/?product=straight-bob-perucke-blond-613-perucke-mit-pony-100-virgin-echthaar","url_meta":{"origin":5443,"position":1},"title":"Glatte Bob Per\u00fccke Blonde 613 Per\u00fccke mit Pony 100% reines Echthaar","date":"11 January 2022","format":false,"excerpt":"Glatte Bob Per\u00fccke Blonde 613 Per\u00fccke mit Pony 100% reines Echthaar","rel":"","context":"Similar post","img":{"alt_text":"","src":"https:\/\/i2.wp.com\/kenblihair.com\/wp-content\/uploads\/2022\/01\/Perruque-Lisse-Bob-Wig-Blond-613-avec-Frange-100-Virgin-Human-Hair1.jpeg?fit=1024%2C1019&ssl=1&resize=350%2C200","width":350,"height":200},"classes":[]},{"id":2434,"url":"https:\/\/kenblihair.com\/?product=straight-bob-perucke-schwarze-perucke-mit-pony-100-virgin-echthaar","url_meta":{"origin":5443,"position":2},"title":"Black Water Wave Bob Per\u00fccke Per\u00fccke mit Spitze vorne 13&#215;4 100% reines Echthaar","date":"9 December 2021","format":false,"excerpt":"Black Water Wave Bob Per\u00fccke Per\u00fccke mit Spitze vorne 13x4 100% reines Echthaar","rel":"","context":"Similar post","img":{"alt_text":"","src":"https:\/\/i2.wp.com\/kenblihair.com\/wp-content\/uploads\/2021\/12\/SWIPE-UP-1.-Perruque-Bob-Wig-Noire-Water-Wave-avec-Lace-Frontal-13\u00d74-100-Virgin-Human-Hair.jpeg?fit=1012%2C1012&ssl=1&resize=350%2C200","width":350,"height":200},"classes":[]},{"id":11750,"url":"https:\/\/kenblihair.com\/?product=schwarze-kinky-lockige-perucke-mit-pony-100-jungfrau-echthaar","url_meta":{"origin":5443,"position":3},"title":"Schwarze Kinky Curly Bob Per\u00fccke Per\u00fccke mit Spitze vorne 13&#215;4 100% reines Echthaar","date":"19 December 2021","format":false,"excerpt":"Schwarze Kinky Curly Bob Per\u00fccke Per\u00fccke mit Spitze vorne 13x4 100% reines Echthaar","rel":"","context":"Similar post","img":{"alt_text":"","src":"","width":0,"height":0},"classes":[]},{"id":3065,"url":"https:\/\/kenblihair.com\/?product=bob-peruecke-kinky-curly-schwarze-peruecke-mit-pony-100-virgin-echthaar","url_meta":{"origin":5443,"position":4},"title":"Bob Per\u00fccke Kinky Curly Schwarze Per\u00fccke mit HD-Verschluss 5 \u00d7 5 100% reines Echthaar","date":"9 December 2021","format":false,"excerpt":"Bob Per\u00fccke Kinky Curly Schwarze Per\u00fccke mit HD-Verschluss 5 \u00d7 5 100% reines Echthaar","rel":"","context":"Similar post","img":{"alt_text":"","src":"https:\/\/i2.wp.com\/kenblihair.com\/wp-content\/uploads\/2021\/12\/SWIPE-UP-1.-Perruque-Bob-Wig-Kinky-Curly-Noire-avec-Closure-HD-5\u00d75-100-Virgin-Human-Hair.jpeg?fit=993%2C993&ssl=1&resize=350%2C200","width":350,"height":200},"classes":[]},{"id":5289,"url":"https:\/\/kenblihair.com\/?product=perucke-bob-perucke-braun-honig-blond-glatt-mit-spitze-frontal-hd-13x4-100-jungfrau-echthaar","url_meta":{"origin":5443,"position":5},"title":"Glatte honigblonde braune Bob Per\u00fccke mit Lace Front HD 13&#215;4 100% reines Echthaar Per\u00fccke","date":"18 December 2021","format":false,"excerpt":"Straight Honey Blonde Brown Bob Per\u00fccke Per\u00fccke mit Lace Front HD 13x4 100% Virgin Human Hassen","rel":"","context":"Similar post","img":{"alt_text":"","src":"https:\/\/i2.wp.com\/kenblihair.com\/wp-content\/uploads\/2021\/12\/SWIPE-UP-1.-Perruque-Bob-Wig-Brun-Blond-Miel-Lisse-avec-Lace-Frontal-HD-13\u00d74-100-Virgin-Human-Hair.jpeg?fit=998%2C998&ssl=1&resize=350%2C200","width":350,"height":200},"classes":[]}],"_links":{"self":[{"href":"https:\/\/kenblihair.com\/index.php?rest_route=\/wp\/v2\/product\/5443","targetHints":{"allow":["GET"]}}],"collection":[{"href":"https:\/\/kenblihair.com\/index.php?rest_route=\/wp\/v2\/product"}],"about":[{"href":"https:\/\/kenblihair.com\/index.php?rest_route=\/wp\/v2\/types\/product"}],"replies":[{"embeddable":true,"href":"https:\/\/kenblihair.com\/index.php?rest_route=%2Fwp%2Fv2%2Fcomments&post=5443"}],"wp:featuredmedia":[{"embeddable":true,"href":"https:\/\/kenblihair.com\/index.php?rest_route=\/wp\/v2\/media\/10123"}],"wp:attachment":[{"href":"https:\/\/kenblihair.com\/index.php?rest_route=%2Fwp%2Fv2%2Fmedia&parent=5443"}],"wp:term":[{"taxonomy":"product_cat","embeddable":true,"href":"https:\/\/kenblihair.com\/index.php?rest_route=%2Fwp%2Fv2%2Fproduct_cat&post=5443"},{"taxonomy":"product_tag","embeddable":true,"href":"https:\/\/kenblihair.com\/index.php?rest_route=%2Fwp%2Fv2%2Fproduct_tag&post=5443"}],"curies":[{"name":"wp","href":"https:\/\/api.w.org\/{rel}","templated":true}]}}