{"id":5552,"date":"2021-12-18T22:43:44","date_gmt":"2021-12-18T21:43:44","guid":{"rendered":"https:\/\/elsihair.com\/?post_type=product&#038;p=5552"},"modified":"2022-02-24T20:35:15","modified_gmt":"2022-02-24T19:35:15","slug":"perruque-bandeau-brun-ombre-body-wave-100-virgin-human-hair","status":"publish","type":"product","link":"https:\/\/kenblihair.com\/?product=perruque-bandeau-brun-ombre-body-wave-100-virgin-human-hair","title":{"rendered":"Perruque Bandeau Brun Ombr\u00e9 Body Wave 100% Virgin Human Hair"},"content":{"rendered":"<p>Perruque Bandeau Brun Ombr\u00e9 Body Wave 100% Virgin Human Hair<\/p>\n","protected":false},"excerpt":{"rendered":"<p>Perruque Bandeau Brun Ombr\u00e9 Body Wave 100% Virgin Human Hair<\/p>\n","protected":false},"featured_media":10363,"comment_status":"open","ping_status":"closed","template":"","meta":{"spay_email":""},"product_cat":[19],"product_tag":[333],"class_list":{"0":"post-5552","1":"product","2":"type-product","3":"status-publish","4":"has-post-thumbnail","6":"product_cat-perruque","7":"product_tag-perruque-bandeau","8":"latest_post","10":"first","11":"instock","12":"sale","13":"taxable","14":"shipping-taxable","15":"purchasable","16":"product-type-variable","17":"has-default-attributes"},"jetpack-related-posts":[{"id":5486,"url":"https:\/\/kenblihair.com\/?product=perruque-bandeau-brun-ombre-water-wave-100-virgin-human-hair","url_meta":{"origin":5552,"position":0},"title":"Perruque Bandeau Brun Ombr\u00e9 Water Wave 100% Virgin Human Hair","date":"18 December 2021","format":false,"excerpt":"Perruque Bandeau Brun Ombr\u00e9 Water Wave 100% Virgin Human Hair","rel":"","context":"Similar post","img":{"alt_text":"","src":"https:\/\/i0.wp.com\/kenblihair.com\/wp-content\/uploads\/2021\/12\/SWIPE-UP-1-Perruque-Bandeau-Brun-Ombre-Water-Wave-100-Virgin-Human-Hair.jpeg?fit=1004%2C1004&ssl=1&resize=350%2C200","width":350,"height":200},"classes":[]},{"id":5273,"url":"https:\/\/kenblihair.com\/?product=perruque-bandeau-brun-ombre-lisse-100-virgin-human-hair","url_meta":{"origin":5552,"position":1},"title":"Perruque Bandeau Brun Ombr\u00e9 Lisse 100% Virgin Human Hair","date":"18 December 2021","format":false,"excerpt":"Perruque Bandeau Brun Ombr\u00e9 Lisse 100% Virgin Human Hair","rel":"","context":"Similar post","img":{"alt_text":"","src":"https:\/\/i0.wp.com\/kenblihair.com\/wp-content\/uploads\/2021\/12\/SWIPE-UP-1-Perruque-Bandeau-Brun-Ombre-Lisse-100-Virgin-Human-Hair.jpeg?fit=1010%2C1010&ssl=1&resize=350%2C200","width":350,"height":200},"classes":[]},{"id":5572,"url":"https:\/\/kenblihair.com\/?product=perruque-brun-ombre-body-wave-avec-lace-frontal-hd-13x4-100-virgin-human-hair-3","url_meta":{"origin":5552,"position":2},"title":"Perruque Brun Ombr\u00e9 Body Wave avec Lace Frontal HD 13&#215;4 100% Virgin Human Hair","date":"18 December 2021","format":false,"excerpt":"Perruque Brun Ombr\u00e9 Body Wave avec Lace Frontal HD 13x4 100% Virgin Human Hair","rel":"","context":"Similar post","img":{"alt_text":"","src":"https:\/\/i2.wp.com\/kenblihair.com\/wp-content\/uploads\/2021\/12\/SWIPE-UP-1.-Perruque-Brun-Ombre-Body-Wave-avec-Lace-Frontal-HD-13\u00d74-100-Virgin-Human-Hair-1.jpeg?fit=992%2C992&ssl=1&resize=350%2C200","width":350,"height":200},"classes":[]},{"id":12034,"url":"https:\/\/kenblihair.com\/?product=perruque-bandeau-brun-ombre-water-wave-100-virgin-human-hair-2","url_meta":{"origin":5552,"position":3},"title":"Ombr\u00e9 Brown Water Wave Headband Wig 100% Virgin Human Hair","date":"18 December 2021","format":false,"excerpt":"Ombr\u00e9 Brown Water Wave Headband Wig 100% Virgin Human Hair","rel":"","context":"Similar post","img":{"alt_text":"","src":"https:\/\/i0.wp.com\/kenblihair.com\/wp-content\/uploads\/2021\/12\/SWIPE-UP-1-Perruque-Bandeau-Brun-Ombre-Water-Wave-100-Virgin-Human-Hair.jpeg?fit=1004%2C1004&ssl=1&resize=350%2C200","width":350,"height":200},"classes":[]},{"id":12019,"url":"https:\/\/kenblihair.com\/?product=perruque-bandeau-brun-ombre-water-wave-100-virgin-human-hair-2","url_meta":{"origin":5552,"position":4},"title":"Ombr\u00e9 Brown Water Wave Stirnband Per\u00fccke 100 % reines Echthaar","date":"18 December 2021","format":false,"excerpt":"Ombr\u00e9 Brown Water Wave Stirnband Per\u00fccke 100 % reines Echthaar","rel":"","context":"Similar post","img":{"alt_text":"","src":"https:\/\/i0.wp.com\/kenblihair.com\/wp-content\/uploads\/2021\/12\/SWIPE-UP-1-Perruque-Bandeau-Brun-Ombre-Water-Wave-100-Virgin-Human-Hair.jpeg?fit=1004%2C1004&ssl=1&resize=350%2C200","width":350,"height":200},"classes":[]},{"id":5278,"url":"https:\/\/kenblihair.com\/?product=wig-headband-brown-ombre-smooth-100-virgin-human-hair","url_meta":{"origin":5552,"position":5},"title":"100% Virgin Human Hair Straight Ombre Brown Headband Wig","date":"18 December 2021","format":false,"excerpt":"100% Virgin Human Hair Straight Ombre Brown Headband Wig","rel":"","context":"Similar post","img":{"alt_text":"","src":"https:\/\/i0.wp.com\/kenblihair.com\/wp-content\/uploads\/2021\/12\/SWIPE-UP-1-Perruque-Bandeau-Brun-Ombre-Lisse-100-Virgin-Human-Hair.jpeg?fit=1010%2C1010&ssl=1&resize=350%2C200","width":350,"height":200},"classes":[]}],"_links":{"self":[{"href":"https:\/\/kenblihair.com\/index.php?rest_route=\/wp\/v2\/product\/5552","targetHints":{"allow":["GET"]}}],"collection":[{"href":"https:\/\/kenblihair.com\/index.php?rest_route=\/wp\/v2\/product"}],"about":[{"href":"https:\/\/kenblihair.com\/index.php?rest_route=\/wp\/v2\/types\/product"}],"replies":[{"embeddable":true,"href":"https:\/\/kenblihair.com\/index.php?rest_route=%2Fwp%2Fv2%2Fcomments&post=5552"}],"wp:featuredmedia":[{"embeddable":true,"href":"https:\/\/kenblihair.com\/index.php?rest_route=\/wp\/v2\/media\/10363"}],"wp:attachment":[{"href":"https:\/\/kenblihair.com\/index.php?rest_route=%2Fwp%2Fv2%2Fmedia&parent=5552"}],"wp:term":[{"taxonomy":"product_cat","embeddable":true,"href":"https:\/\/kenblihair.com\/index.php?rest_route=%2Fwp%2Fv2%2Fproduct_cat&post=5552"},{"taxonomy":"product_tag","embeddable":true,"href":"https:\/\/kenblihair.com\/index.php?rest_route=%2Fwp%2Fv2%2Fproduct_tag&post=5552"}],"curies":[{"name":"wp","href":"https:\/\/api.w.org\/{rel}","templated":true}]}}