{"id":656,"date":"2021-11-30T11:33:27","date_gmt":"2021-11-30T10:33:27","guid":{"rendered":"https:\/\/elsihair.com\/?post_type=product&#038;p=656"},"modified":"2022-02-16T15:45:20","modified_gmt":"2022-02-16T14:45:20","slug":"closure-hd-5x5-deep-wave-noire","status":"publish","type":"product","link":"https:\/\/kenblihair.com\/?product=closure-hd-5x5-deep-wave-noire","title":{"rendered":"Closure HD 5&#215;5 Deep Wave Noire"},"content":{"rendered":"<p>Closure HD 5&#215;5 Deep Wave Noire<\/p>\n","protected":false},"excerpt":{"rendered":"<p>Closure HD 5&#215;5 Deep Wave Noire<\/p>\n","protected":false},"featured_media":10880,"comment_status":"open","ping_status":"closed","template":"","meta":{"spay_email":""},"product_cat":[31],"product_tag":[44],"class_list":{"0":"post-656","1":"product","2":"type-product","3":"status-publish","4":"has-post-thumbnail","6":"product_cat-closures","7":"product_tag-12-pouces","8":"latest_post","10":"first","11":"instock","12":"sale","13":"taxable","14":"shipping-taxable","15":"purchasable","16":"product-type-variable","17":"has-default-attributes"},"jetpack-related-posts":[{"id":5607,"url":"https:\/\/kenblihair.com\/?product=perruque-bob-wig-deep-wave-noire-avec-closure-hd-5x5-100-virgin-human-hair","url_meta":{"origin":656,"position":0},"title":"Perruque  Deep Wave Noire avec Closure HD 5&#215;5 100% Virgin Human Hair","date":"18 December 2021","format":false,"excerpt":"Perruque\u00a0 Deep Wave Noire avec Closure HD 5x5 100% Virgin Human Hair","rel":"","context":"Similar post","img":{"alt_text":"","src":"https:\/\/i0.wp.com\/kenblihair.com\/wp-content\/uploads\/2021\/12\/SWIPE-UP-1.-Perruque-Deep-Wave-Noire-avec-Closure-HD-5\u00d75-100-Virgin-Human-Hair.jpeg?fit=1024%2C1017&ssl=1&resize=350%2C200","width":350,"height":200},"classes":[]},{"id":7089,"url":"https:\/\/kenblihair.com\/?product=bob-wig-deep-wave-black-wig-with-closure-hd-5x5-100-virgin-human-hair","url_meta":{"origin":656,"position":1},"title":"Bob Wig Deep Wave Black Wig with HD Closure 5&#215;5 100% Virgin Human Hair","date":"18 December 2021","format":false,"excerpt":"Bob Wig Deep Wave Black Wig with HD Closure 5x5 100% Virgin Human Hair","rel":"","context":"Similar post","img":{"alt_text":"","src":"https:\/\/i0.wp.com\/kenblihair.com\/wp-content\/uploads\/2021\/12\/SWIPE-UP-1.-Perruque-Deep-Wave-Noire-avec-Closure-HD-5\u00d75-100-Virgin-Human-Hair.jpeg?fit=1024%2C1017&ssl=1&resize=350%2C200","width":350,"height":200},"classes":[]},{"id":654,"url":"https:\/\/kenblihair.com\/?product=closure-hd-5x5-body-wave-noire","url_meta":{"origin":656,"position":2},"title":"Closure HD 5&#215;5 Body Wave Noire","date":"30 November 2021","format":false,"excerpt":"Closure HD 5x5 Body Wave Noire","rel":"","context":"Similar post","img":{"alt_text":"","src":"https:\/\/i0.wp.com\/kenblihair.com\/wp-content\/uploads\/2021\/11\/Closure-HD-5\u00d75-Body-Wave-Noire.jpeg?fit=1024%2C1001&ssl=1&resize=350%2C200","width":350,"height":200},"classes":[]},{"id":793,"url":"https:\/\/kenblihair.com\/?product=closure-hd-5x5-water-wave-noire","url_meta":{"origin":656,"position":3},"title":"Closure HD 5&#215;5 Water Wave Noire","date":"2 December 2021","format":false,"excerpt":"Closure HD 5x5 Water Wave Noire","rel":"","context":"Similar post","img":{"alt_text":"","src":"https:\/\/i0.wp.com\/kenblihair.com\/wp-content\/uploads\/2021\/12\/SWIPE-UP-1.-Closure-HD-5\u00d75-Water-Wave-Noire.jpeg?fit=1024%2C1004&ssl=1&resize=350%2C200","width":350,"height":200},"classes":[]},{"id":5377,"url":"https:\/\/kenblihair.com\/?product=perruque-noire-water-wave-avec-closure-hd-5x5-100-virgin-human-hair","url_meta":{"origin":656,"position":4},"title":"Perruque Noire Water Wave avec Closure HD 5&#215;5 100% Virgin Human Hair","date":"18 December 2021","format":false,"excerpt":"Perruque Noire Water Wave avec Closure HD 5x5 100% Virgin Human Hair","rel":"","context":"Similar post","img":{"alt_text":"","src":"https:\/\/i1.wp.com\/kenblihair.com\/wp-content\/uploads\/2021\/12\/SWIPE-UP-1-Perruque-Noire-Water-Wave-avec-Closure-HD-5\u00d75-100-Virgin-Human-Hair.jpeg?fit=979%2C979&ssl=1&resize=350%2C200","width":350,"height":200},"classes":[]},{"id":7088,"url":"https:\/\/kenblihair.com\/?product=bob-perucke-deep-wave-schwarz-perucke-mit-verschluss-hd-5x5-100-virgin-echthaar","url_meta":{"origin":656,"position":5},"title":"Bob Per\u00fccke Deep Wave Schwarze Per\u00fccke mit HD-Verschluss 5&#215;5 100% reines Echthaar","date":"18 December 2021","format":false,"excerpt":"Bob Per\u00fccke Deep Wave Schwarze Per\u00fccke mit HD-Verschluss 5x5 100% reines Echthaar","rel":"","context":"Similar post","img":{"alt_text":"","src":"https:\/\/i0.wp.com\/kenblihair.com\/wp-content\/uploads\/2021\/12\/SWIPE-UP-1.-Perruque-Deep-Wave-Noire-avec-Closure-HD-5\u00d75-100-Virgin-Human-Hair.jpeg?fit=1024%2C1017&ssl=1&resize=350%2C200","width":350,"height":200},"classes":[]}],"_links":{"self":[{"href":"https:\/\/kenblihair.com\/index.php?rest_route=\/wp\/v2\/product\/656","targetHints":{"allow":["GET"]}}],"collection":[{"href":"https:\/\/kenblihair.com\/index.php?rest_route=\/wp\/v2\/product"}],"about":[{"href":"https:\/\/kenblihair.com\/index.php?rest_route=\/wp\/v2\/types\/product"}],"replies":[{"embeddable":true,"href":"https:\/\/kenblihair.com\/index.php?rest_route=%2Fwp%2Fv2%2Fcomments&post=656"}],"wp:featuredmedia":[{"embeddable":true,"href":"https:\/\/kenblihair.com\/index.php?rest_route=\/wp\/v2\/media\/10880"}],"wp:attachment":[{"href":"https:\/\/kenblihair.com\/index.php?rest_route=%2Fwp%2Fv2%2Fmedia&parent=656"}],"wp:term":[{"taxonomy":"product_cat","embeddable":true,"href":"https:\/\/kenblihair.com\/index.php?rest_route=%2Fwp%2Fv2%2Fproduct_cat&post=656"},{"taxonomy":"product_tag","embeddable":true,"href":"https:\/\/kenblihair.com\/index.php?rest_route=%2Fwp%2Fv2%2Fproduct_tag&post=656"}],"curies":[{"name":"wp","href":"https:\/\/api.w.org\/{rel}","templated":true}]}}