{"id":8764,"date":"2021-12-29T21:06:59","date_gmt":"2021-12-29T20:06:59","guid":{"rendered":"https:\/\/elsihair.com\/?post_type=product&#038;p=8764"},"modified":"2022-02-24T13:19:09","modified_gmt":"2022-02-24T12:19:09","slug":"tissages-body-wave-blond-ombre-3-boules-100-virgin-human-hair","status":"publish","type":"product","link":"https:\/\/kenblihair.com\/?product=tissages-body-wave-blond-ombre-3-boules-100-virgin-human-hair","title":{"rendered":"Tissages Body Wave Blond Ombr\u00e9 2 boules 100% Virgin Human Hair"},"content":{"rendered":"<p>Tissages Body Wave Blond Ombr\u00e9 2 boules 100% Virgin Human Hair<\/p>\n","protected":false},"excerpt":{"rendered":"<p>Tissages Body Wave Blond Ombr\u00e9 2 boules 100% Virgin Human Hair<\/p>\n","protected":false},"featured_media":10593,"comment_status":"open","ping_status":"closed","template":"","meta":{"spay_email":""},"product_cat":[22],"product_tag":[369],"class_list":{"0":"post-8764","1":"product","2":"type-product","3":"status-publish","4":"has-post-thumbnail","6":"product_cat-tissage","7":"product_tag-possibilite-de-commander-1-ou-2-boules","8":"latest_post","10":"first","11":"instock","12":"sale","13":"taxable","14":"shipping-taxable","15":"purchasable","16":"product-type-variable","17":"has-default-attributes"},"jetpack-related-posts":[{"id":8788,"url":"https:\/\/kenblihair.com\/?product=tissages-lisse-blond-ombre-3-boules-100-virgin-human-hair","url_meta":{"origin":8764,"position":0},"title":"Tissages Lisse Blond Ombr\u00e9 2 boules 100% Virgin Human Hair","date":"29 December 2021","format":false,"excerpt":"Tissages Lisse Blond Ombr\u00e9 2 boules 100% Virgin Human Hair","rel":"","context":"Similar post","img":{"alt_text":"","src":"https:\/\/i0.wp.com\/kenblihair.com\/wp-content\/uploads\/2021\/12\/Tissages-Lisse-Blond-Ombre-3-boules-100-Virgin-Human-Hair.jpeg?fit=862%2C862&ssl=1&resize=350%2C200","width":350,"height":200},"classes":[]},{"id":11439,"url":"https:\/\/kenblihair.com\/?product=webt-body-wave-blond-ombre-3-balls-100-virgin-human-hair","url_meta":{"origin":8764,"position":1},"title":"Body Wave Blond Ombr\u00e9 webt 3 Kn\u00e4uel 100% reines Echthaar","date":"29 December 2021","format":false,"excerpt":"Body Wave Blond Ombr\u00e9 webt 3 Kn\u00e4uel 100% reines Echthaar","rel":"","context":"Similar post","img":{"alt_text":"","src":"https:\/\/i0.wp.com\/kenblihair.com\/wp-content\/uploads\/2021\/12\/SWIPE-UP-1.-Tissages-Body-Wave-Blond-Ombre-3-boules-100-Virgin-Human-Hai.jpeg?fit=963%2C963&ssl=1&resize=350%2C200","width":350,"height":200},"classes":[]},{"id":1463,"url":"https:\/\/kenblihair.com\/?product=tissages-body-wave-blond-613-3-boules-100-virgin-human-hair","url_meta":{"origin":8764,"position":2},"title":"Tissages Body Wave Blond 613 2 boules 100% Virgin Human Hair","date":"1 December 2021","format":false,"excerpt":"Tissages Body Wave Blond 613, 2 boules 100% Virgin Human Hair","rel":"","context":"Similar post","img":{"alt_text":"","src":"https:\/\/i1.wp.com\/kenblihair.com\/wp-content\/uploads\/2021\/12\/SWIPE-UP-1.-Tissages-Body-Wave-Blond-613-3-boules-100-Virgin-Human-Hair.jpeg?fit=768%2C767&ssl=1&resize=350%2C200","width":350,"height":200},"classes":[]},{"id":8775,"url":"https:\/\/kenblihair.com\/?product=tissages-body-wave-blond-1b-613-3-boules-100-virgin-human-hair","url_meta":{"origin":8764,"position":3},"title":"Tissages Body Wave Blond 1b \/ 613 2 boules 100% Virgin Human Hair","date":"29 December 2021","format":false,"excerpt":"Tissages Body Wave Blond 1B \/ 613 2 boules 100% Virgin Human Hair","rel":"","context":"Similar post","img":{"alt_text":"","src":"https:\/\/i0.wp.com\/kenblihair.com\/wp-content\/uploads\/2021\/12\/SWIPE-UP-1.-Tissages-Body-Wave-Blond-1b-613-3-boules-100-Virgin-Human-Hair.jpeg?fit=993%2C993&ssl=1&resize=350%2C200","width":350,"height":200},"classes":[]},{"id":8741,"url":"https:\/\/kenblihair.com\/?product=tissages-deep-wave-blond-613-3-boules-100-virgin-human-hair","url_meta":{"origin":8764,"position":4},"title":"Tissages Deep Wave Blond 613, 2 boules 100% Virgin Human Hair","date":"29 December 2021","format":false,"excerpt":"Tissages Deep Wave Blond 613 2 boules 100% Virgin Human Hair","rel":"","context":"Similar post","img":{"alt_text":"","src":"https:\/\/i0.wp.com\/kenblihair.com\/wp-content\/uploads\/2021\/12\/SWIPE-UP-1.-Tissages-Deep-Wave-Blond-613-3-boules-100-Virgin-Human-Hair.jpeg?fit=984%2C984&ssl=1&resize=350%2C200","width":350,"height":200},"classes":[]},{"id":8020,"url":"https:\/\/kenblihair.com\/?product=tissage-kinky-curly-brun-ombre-3-boules-100-virgin-human-hair","url_meta":{"origin":8764,"position":5},"title":"Tissage Kinky Curly Brun Ombre 2 boules 100% Virgin Human Hair","date":"25 December 2021","format":false,"excerpt":"Tissages Kinky Curly Brun Ombr\u00e9 2 boules 100% Virgin Human Hair","rel":"","context":"Similar post","img":{"alt_text":"","src":"https:\/\/i0.wp.com\/kenblihair.com\/wp-content\/uploads\/2021\/12\/SWIPE-UP-1.-Tissage-Kinky-Curly-Brun-Ombre-3-boules-100-Virgin-Human-Hair.jpeg?fit=993%2C993&ssl=1&resize=350%2C200","width":350,"height":200},"classes":[]}],"_links":{"self":[{"href":"https:\/\/kenblihair.com\/index.php?rest_route=\/wp\/v2\/product\/8764","targetHints":{"allow":["GET"]}}],"collection":[{"href":"https:\/\/kenblihair.com\/index.php?rest_route=\/wp\/v2\/product"}],"about":[{"href":"https:\/\/kenblihair.com\/index.php?rest_route=\/wp\/v2\/types\/product"}],"replies":[{"embeddable":true,"href":"https:\/\/kenblihair.com\/index.php?rest_route=%2Fwp%2Fv2%2Fcomments&post=8764"}],"wp:featuredmedia":[{"embeddable":true,"href":"https:\/\/kenblihair.com\/index.php?rest_route=\/wp\/v2\/media\/10593"}],"wp:attachment":[{"href":"https:\/\/kenblihair.com\/index.php?rest_route=%2Fwp%2Fv2%2Fmedia&parent=8764"}],"wp:term":[{"taxonomy":"product_cat","embeddable":true,"href":"https:\/\/kenblihair.com\/index.php?rest_route=%2Fwp%2Fv2%2Fproduct_cat&post=8764"},{"taxonomy":"product_tag","embeddable":true,"href":"https:\/\/kenblihair.com\/index.php?rest_route=%2Fwp%2Fv2%2Fproduct_tag&post=8764"}],"curies":[{"name":"wp","href":"https:\/\/api.w.org\/{rel}","templated":true}]}}