{"id":937,"date":"2021-12-05T22:16:02","date_gmt":"2021-12-05T21:16:02","guid":{"rendered":"https:\/\/elsihair.com\/?post_type=product&#038;p=937"},"modified":"2022-01-04T23:44:48","modified_gmt":"2022-01-04T22:44:48","slug":"redresseur-de-cheveux-en-ceramique","status":"publish","type":"product","link":"https:\/\/kenblihair.com\/?product=redresseur-de-cheveux-en-ceramique","title":{"rendered":"Fer \u00e0 lisser \u00e0 la vapeur"},"content":{"rendered":"<p>Fer \u00e0 lisser \u00e0 la vapeur<\/p>\n","protected":false},"excerpt":{"rendered":"<p>Fer \u00e0 lisser \u00e0 la vapeur<\/p>\n","protected":false},"featured_media":11037,"comment_status":"open","ping_status":"closed","template":"","meta":{"spay_email":""},"product_cat":[20],"product_tag":[],"class_list":{"0":"post-937","1":"product","2":"type-product","3":"status-publish","4":"has-post-thumbnail","6":"product_cat-accessoires","7":"latest_post","9":"first","10":"instock","11":"taxable","12":"shipping-taxable","13":"purchasable","14":"product-type-simple"},"jetpack-related-posts":[{"id":939,"url":"https:\/\/kenblihair.com\/?product=fer-a-friser","url_meta":{"origin":937,"position":0},"title":"Fer \u00e0 Friser","date":"5 December 2021","format":false,"excerpt":"FER A FRISER Couleur: Gold","rel":"","context":"Similar post","img":{"alt_text":"","src":"https:\/\/i0.wp.com\/kenblihair.com\/wp-content\/uploads\/2021\/12\/Fer-a-Friser.jpeg?fit=1024%2C994&ssl=1&resize=350%2C200","width":350,"height":200},"classes":[]},{"id":7923,"url":"https:\/\/kenblihair.com\/?product=perruque-higlight-lisse-faite-a-la-main-avec-closure-4x4","url_meta":{"origin":937,"position":1},"title":"PERRUQUE HIGLIGHT LISSE \u00ab FAITE A LA MAIN \u00bb AVEC CLOSURE 4X4","date":"24 December 2021","format":false,"excerpt":"PERRUQUE HIGLIGHT LISSE \u00ab FAITE A LA MAIN \u00bb AVEC CLOSURE 4X4","rel":"","context":"Similar post","img":{"alt_text":"","src":"https:\/\/i0.wp.com\/kenblihair.com\/wp-content\/uploads\/2021\/12\/SWIPE-UP-2-PERRUQUE-HIGLIGHT-LISSE-FAITE-A-LA-MAIN-AVEC-CLOSURE-4X4.jpg?fit=1081%2C1024&ssl=1&resize=350%2C200","width":350,"height":200},"classes":[]},{"id":7980,"url":"https:\/\/kenblihair.com\/?product=perruque-noire-lisse-faite-a-la-main-avec-closure-4x4","url_meta":{"origin":937,"position":2},"title":"PERRUQUE NOIRE LISSE \u00ab FAITE A LA MAIN \u00bb AVEC LACE FRONTAL 13X4","date":"25 December 2021","format":false,"excerpt":"PERRUQUE NOIRE LISSE \u00ab FAITE A LA MAIN \u00bb AVEC LACE FRONTAL 13X4","rel":"","context":"Similar post","img":{"alt_text":"","src":"https:\/\/i0.wp.com\/kenblihair.com\/wp-content\/uploads\/2021\/12\/SWIPE-UP-1.-PERRUQUE-NOIRE-LISSE-FAITE-A-LA-MAIN-AVEC-LACE-FRONTAL-13X4.jpeg?fit=977%2C977&ssl=1&resize=350%2C200","width":350,"height":200},"classes":[]},{"id":7991,"url":"https:\/\/kenblihair.com\/?product=perruque-noire-water-wave-faite-a-la-main-avec-closure-4x4","url_meta":{"origin":937,"position":3},"title":"PERRUQUE NOIRE WATER WAVE\u00ab FAITE A LA MAIN \u00bb AVEC CLOSURE 4X4","date":"25 December 2021","format":false,"excerpt":"PERRUQUE NOIRE WATER WAVE\u00ab FAITE A LA MAIN \u00bb AVEC CLOSURE 4X4","rel":"","context":"Similar post","img":{"alt_text":"","src":"https:\/\/i1.wp.com\/kenblihair.com\/wp-content\/uploads\/2021\/12\/SWIPE-UP-1.-PERRUQUE-NOIRE-WATER-WAVE-FAITE-A-LA-MAIN-AVEC-CLOSURE-4X4.jpeg?fit=768%2C768&ssl=1&resize=350%2C200","width":350,"height":200},"classes":[]},{"id":7885,"url":"https:\/\/kenblihair.com\/?product=perruque-noire-kinky-straight-faite-a-la-main-avec-lace-frontal-13x4","url_meta":{"origin":937,"position":4},"title":"PERRUQUE NOIRE KINKY STRAIGHT\u00ab FAITE A LA MAIN \u00bb AVEC LACE FRONTAL 13X4","date":"24 December 2021","format":false,"excerpt":"PERRUQUE NOIRE KINKY STRAIGHT\u00ab FAITE A LA MAIN \u00bb AVEC LACE FRONTAL 13X4","rel":"","context":"Similar post","img":{"alt_text":"","src":"https:\/\/i2.wp.com\/kenblihair.com\/wp-content\/uploads\/2021\/12\/SWIPE-UP-1-PERRUQUE-NOIRE-KINKY-STRAIGHT-FAITE-A-LA-MAIN-AVEC-LACE-FRONTAL-13X4.jpeg?fit=768%2C768&ssl=1&resize=350%2C200","width":350,"height":200},"classes":[]},{"id":7962,"url":"https:\/\/kenblihair.com\/?product=7962","url_meta":{"origin":937,"position":5},"title":"PERRUQUE NOIRE LOOSE WAVE\u00ab FAITE A LA MAIN \u00bb AVEC LACE FRONTAL 13X4","date":"24 December 2021","format":false,"excerpt":"PERRUQUE NOIRE LOOSE WAVE\u00ab FAITE A LA MAIN \u00bb AVEC LACE FRONTAL 13X4","rel":"","context":"Similar post","img":{"alt_text":"","src":"https:\/\/i1.wp.com\/kenblihair.com\/wp-content\/uploads\/2021\/12\/loose-wave.jpeg?fit=1075%2C1075&ssl=1&resize=350%2C200","width":350,"height":200},"classes":[]}],"_links":{"self":[{"href":"https:\/\/kenblihair.com\/index.php?rest_route=\/wp\/v2\/product\/937","targetHints":{"allow":["GET"]}}],"collection":[{"href":"https:\/\/kenblihair.com\/index.php?rest_route=\/wp\/v2\/product"}],"about":[{"href":"https:\/\/kenblihair.com\/index.php?rest_route=\/wp\/v2\/types\/product"}],"replies":[{"embeddable":true,"href":"https:\/\/kenblihair.com\/index.php?rest_route=%2Fwp%2Fv2%2Fcomments&post=937"}],"wp:featuredmedia":[{"embeddable":true,"href":"https:\/\/kenblihair.com\/index.php?rest_route=\/wp\/v2\/media\/11037"}],"wp:attachment":[{"href":"https:\/\/kenblihair.com\/index.php?rest_route=%2Fwp%2Fv2%2Fmedia&parent=937"}],"wp:term":[{"taxonomy":"product_cat","embeddable":true,"href":"https:\/\/kenblihair.com\/index.php?rest_route=%2Fwp%2Fv2%2Fproduct_cat&post=937"},{"taxonomy":"product_tag","embeddable":true,"href":"https:\/\/kenblihair.com\/index.php?rest_route=%2Fwp%2Fv2%2Fproduct_tag&post=937"}],"curies":[{"name":"wp","href":"https:\/\/api.w.org\/{rel}","templated":true}]}}